{"id":696,"date":"2016-06-12T22:14:29","date_gmt":"2016-06-12T20:14:29","guid":{"rendered":"https:\/\/forum-helveticum.ch\/rm\/tgi-essan-nus\/geschaeftsstelle\/"},"modified":"2024-12-03T16:30:28","modified_gmt":"2024-12-03T15:30:28","slug":"secretariat","status":"publish","type":"page","link":"https:\/\/forum-helveticum.ch\/rm\/tgi-essan-nus\/secretariat\/","title":{"rendered":"Direcziun"},"content":{"rendered":"<p>La direcziun consista dalla manadra dal Forum Helveticum e dalla manadra da project. Tenor basegn vegn engasch\u00e0 dapli persunal per in project. Il Forum Helveticum \u00e8 colli\u00e0 cun il Netzwerk M\u00fcllerhaus a Lenzburg che fa servetschs da secretariat.<\/p>\r\n<table style=\"height: 562px; width: 70.1698%;\">\r\n<tbody>\r\n<tr style=\"height: 24px;\">\r\n<td style=\"width: 43.5707%; height: 24px;\"><b>Direcziun<br \/>\r\n<\/b><\/td>\r\n<td style=\"width: 76.9469%; height: 24px;\">\u00a0<\/td>\r\n<\/tr>\r\n<tr style=\"height: 218px;\">\r\n<td style=\"width: 43.5707%; height: 201px; vertical-align: top;\">\r\n<p><img loading=\"lazy\" decoding=\"async\" class=\"alignnone size-medium wp-image-15565\" src=\"https:\/\/forum-helveticum.ch\/wp-content\/uploads\/2024\/09\/M.Girardet-467x700.jpg\" alt=\"\" width=\"467\" height=\"700\" \/><\/p>\r\n<\/td>\r\n<td style=\"width: 76.9469%; height: 201px; vertical-align: top;\"><strong>M\u00e9lanie Girardet<\/strong><br \/>\r\nForum Helveticum<br \/>\r\nBleicherain 7<br \/>\r\n5600 Lenzburg<br \/>\r\nTel. 062 888 01 25<br \/>\r\n<a href=\"mailto:girardet@forum-helveticum.ch\">Mail direct<\/a><\/td>\r\n<\/tr>\r\n<tr style=\"height: 24px;\">\r\n<td style=\"width: 43.5707%; height: 24px;\"><strong>Manadra da project<\/strong><\/td>\r\n<td style=\"width: 76.9469%; height: 24px;\">\u00a0<\/td>\r\n<\/tr>\r\n<tr style=\"height: 192px;\">\r\n<td style=\"width: 43.5707%; height: 141px; vertical-align: top;\"><img loading=\"lazy\" decoding=\"async\" class=\"alignnone  wp-image-12355\" src=\"https:\/\/forum-helveticum.ch\/wp-content\/uploads\/2022\/02\/Photo-Marine-Borel-scaled-e1644306850325-574x700.jpg\" alt=\"\" width=\"144\" height=\"176\" \/><\/td>\r\n<td style=\"width: 76.9469%; height: 141px; vertical-align: top;\"><strong>Dr. Marine Borel<\/strong><br \/>\r\nForum Helveticum<br \/>\r\nBleicherain 7<br \/>\r\n5600 Lenzburg<br \/>\r\nTel. 062 888 01 25<br \/>\r\n<a href=\"mailto:borel@forum-helveticum.ch\">Mail direct<\/a><\/td>\r\n<\/tr>\r\n<tr style=\"height: 24px;\">\r\n<td style=\"width: 43.5707%; height: 24px;\"><strong>Secretariat<\/strong><\/td>\r\n<td style=\"width: 76.9469%; height: 24px;\">\u00a0<\/td>\r\n<\/tr>\r\n<tr style=\"height: 169px;\">\r\n<td style=\"width: 43.5707%; height: 148px;\">\u00a0<\/td>\r\n<td style=\"width: 76.9469%; height: 148px; vertical-align: top;\"><strong>Christine Baumann<\/strong><br \/>\r\nStv. Gesch\u00e4ftsf\u00fchrerin Netzwerk M\u00fcllerhaus<br \/>\r\nBleicherain 7<br \/>\r\n5600 Lenzburg<br \/>\r\nTel. 062 888 01 00<br \/>\r\n<a href=\"mailto:info@netzwerk-muellerhaus.ch\">Mail<\/a><\/td>\r\n<\/tr>\r\n<\/tbody>\r\n<\/table>\r\n<p>&nbsp;<\/p>\r\n<p>Il post da revisiun consista da duas persunas. El controlla il quint annual e dat rapport a la cumissiun directiva per mauns da la radunanza da delegads.<\/p>\r\n<table style=\"height: 360px; width: 57.4659%;\">\r\n<tbody>\r\n<tr style=\"height: 24px;\">\r\n<td style=\"width: 40.3801%; height: 24px;\"><b>Post da revisiun<\/b><\/td>\r\n<td style=\"width: 57.9572%; height: 24px;\">\u00a0<\/td>\r\n<\/tr>\r\n<tr style=\"height: 191px;\">\r\n<td style=\"width: 40.3801%; height: 169px; vertical-align: top;\"><img loading=\"lazy\" decoding=\"async\" class=\"alignnone size-full wp-image-13791\" src=\"https:\/\/forum-helveticum.ch\/wp-content\/uploads\/2023\/04\/Reto-Ackermann-1.png\" alt=\"\" width=\"160\" height=\"148\" \/><\/td>\r\n<td style=\"width: 57.9572%; height: 169px; vertical-align: top;\">\r\n<p>Reto Ackermann<br \/>\r\nDipl. Wirtschaftspr\u00fcfer, zugel. Revisionsexperte<br \/>\r\nArimec Audit AG<br \/>\r\nReiherweg 2<br \/>\r\n5034 Suhr<br \/>\r\n<a href=\"mailto:info@arimec-audit.ch\">Mail<\/a><\/p>\r\n<\/td>\r\n<\/tr>\r\n<tr style=\"height: 206px;\">\r\n<td style=\"width: 40.3801%; height: 167px; vertical-align: top;\"><img loading=\"lazy\" decoding=\"async\" class=\"alignnone size-full wp-image-13785\" src=\"https:\/\/forum-helveticum.ch\/wp-content\/uploads\/2023\/04\/Marco-Zanetti-1.png\" alt=\"\" width=\"169\" height=\"157\" \/><\/td>\r\n<td style=\"width: 57.9572%; vertical-align: top; height: 167px;\">\r\n<p>Marco Zanetti<br \/>\r\nDipl. Wirtschaftspr\u00fcfer, zugelassener Revisionsexperte<br \/>\r\nArimec Audit AG<br \/>\r\nReiherweg 2<br \/>\r\n5034 Suhr<br \/>\r\n<a href=\"mailto:info@arimec-audit.ch\">Mail<\/a><\/p>\r\n<\/td>\r\n<\/tr>\r\n<\/tbody>\r\n<\/table>\r\n<p>&nbsp;<\/p>","protected":false},"excerpt":{"rendered":"<p>La direcziun consista dalla manadra dal Forum Helveticum e dalla manadra da project. Tenor basegn vegn engasch\u00e0 dapli persunal per in project. Il Forum Helveticum \u00e8 colli\u00e0 cun il Netzwerk M\u00fcllerhaus a Lenzburg che fa servetschs da secretariat. Direcziun \u00a0 M\u00e9lanie Girardet Forum Helveticum Bleicherain 7 5600 Lenzburg Tel. 062 888 01 25 Mail direct&nbsp;<a class=\"more\" href=\"https:\/\/forum-helveticum.ch\/rm\/tgi-essan-nus\/secretariat\/\">Dapli<\/a><\/p>\n","protected":false},"author":2,"featured_media":0,"parent":679,"menu_order":3,"comment_status":"closed","ping_status":"closed","template":"","meta":{"_acf_changed":false,"footnotes":""},"class_list":["post-696","page","type-page","status-publish","hentry"],"acf":[],"_links":{"self":[{"href":"https:\/\/forum-helveticum.ch\/rm\/wp-json\/wp\/v2\/pages\/696","targetHints":{"allow":["GET"]}}],"collection":[{"href":"https:\/\/forum-helveticum.ch\/rm\/wp-json\/wp\/v2\/pages"}],"about":[{"href":"https:\/\/forum-helveticum.ch\/rm\/wp-json\/wp\/v2\/types\/page"}],"author":[{"embeddable":true,"href":"https:\/\/forum-helveticum.ch\/rm\/wp-json\/wp\/v2\/users\/2"}],"replies":[{"embeddable":true,"href":"https:\/\/forum-helveticum.ch\/rm\/wp-json\/wp\/v2\/comments?post=696"}],"version-history":[{"count":0,"href":"https:\/\/forum-helveticum.ch\/rm\/wp-json\/wp\/v2\/pages\/696\/revisions"}],"up":[{"embeddable":true,"href":"https:\/\/forum-helveticum.ch\/rm\/wp-json\/wp\/v2\/pages\/679"}],"wp:attachment":[{"href":"https:\/\/forum-helveticum.ch\/rm\/wp-json\/wp\/v2\/media?parent=696"}],"curies":[{"name":"wp","href":"https:\/\/api.w.org\/{rel}","templated":true}]}}