{"id":688,"date":"2016-06-12T22:12:25","date_gmt":"2016-06-12T20:12:25","guid":{"rendered":"https:\/\/forum-helveticum.ch\/rm\/tgi-essan-nus\/der-verein\/"},"modified":"2024-03-07T14:46:54","modified_gmt":"2024-03-07T13:46:54","slug":"lassociaziun","status":"publish","type":"page","link":"https:\/\/forum-helveticum.ch\/rm\/tgi-essan-nus\/lassociaziun\/","title":{"rendered":"L&#8217;associaziun"},"content":{"rendered":"<p>Il Forum Helveticum \u00e8 vegn\u00ec fund\u00e0 il 1968 sco associaziun independenta e neutrala en dumondas religiusas e politicas. Il Forum Helveticum \u00e8 in lieu d\u2019inscunter e da dialog che sa deditgescha a las dumondas da la vita publica.<\/p>\r\n<p>Sco center da cumpetenza per la chapientscha linguistica e culturala promova il Forum Helveticum la chapientscha en la societad, la politica, l&#8217;economia e la cultura. El s&#8217;engascha oravant tut per la chapientscha tranter las cuminanzas linguisticas en Svizra e per la coesiun naziunala.<\/p>\r\n<p>Il Forum Helveticum surpiglia en quest sectur incumbensas d&#8217;infurmaziun, da cussegliaziun, da sensibilisaziun e da networking. El ha inizi\u00e0 tranter auter il 2015 la nova <a href=\"https:\/\/forum-helveticum.ch\/rm\/category\/projects-rm\/gruppa-parlamentara\/\" target=\"_blank\" rel=\"noopener noreferrer\">gruppa parlamentara<\/a> &#8220;Purilinguitad CH&#8221; en il Parlament svizzer ed organisescha dapi il 2008 mintg&#8217;onn la concurrenza da scriver plurilingua per giuvenils \u00ab<a href=\"https:\/\/forum-helveticum.ch\/rm\/2016\/12\/linguissimo-2017\/\" target=\"_blank\" rel=\"noopener noreferrer\">Linguissimo<\/a>\u00bb.<\/p>\r\n<p>Il \u00ab<a href=\"https:\/\/forum-helveticum.ch\/rm\/\">Portal per la chapientscha linguistica e culturala<\/a>\u00bb \u00e8 disponibel dapi il 2012 en las quatter linguas naziunalas ed en englais. Ils cuntegns pon vegnir proponids dal Forum Helveticum sez u d&#8217;organisaziuns partenarias. Nus essan averts per <a href=\"https:\/\/forum-helveticum.ch\/rm\/contact\/\" target=\"_blank\" rel=\"noopener noreferrer\">propostas u giavischs<\/a>.<\/p>\r\n<p>L&#8217;associaziun realisescha sias finamiras en collavuraziun cun autras organisaziuns ed instituziuns cun finamiras sumegliantas. Commembers dal Forum Helveticum \u00e8n persunas natiralas e giuridicas. Questas ultimas pon esser organisaziuns, instituziuns ed associaziuns (da tetg) naziunalas, regiunalas u chantunalas. Ils <a href=\"https:\/\/forum-helveticum.ch\/rm\/tgi-essan-nus\/commembers\/\" target=\"_blank\" rel=\"noopener noreferrer\">32 commembers collectivs<\/a> actuals dal Forum Helveticum \u00e8n activs en champs politics, culturals, confessiunals, economics, civics u d\u2019utilitad publica. Ils organs dal Forum Helveticum \u00e8n la radunanza da delegads, la <a href=\"https:\/\/forum-helveticum.ch\/rm\/tgi-essan-nus\/cumissiun-directiva\/\" target=\"_blank\" rel=\"noopener noreferrer\">cumissiun directiva<\/a> ed il <a href=\"https:\/\/forum-helveticum.ch\/rm\/tgi-essan-nus\/secretariat\/\" target=\"_blank\" rel=\"noopener noreferrer\">post da revisiun<\/a>.<\/p>\r\n<p>Ils statuts da l\u2019uniun \u00e8n disponibels per <a href=\"https:\/\/forum-helveticum.ch\/wp-content\/uploads\/2016\/06\/StatutenneuDPortal.pdf\">tudestg<\/a> e <a href=\"https:\/\/forum-helveticum.ch\/wp-content\/uploads\/2016\/06\/StatutenneuFPortal.pdf\">franzos<\/a>.<\/p>","protected":false},"excerpt":{"rendered":"<p>Il Forum Helveticum \u00e8 vegn\u00ec fund\u00e0 il 1968 sco associaziun independenta e neutrala en dumondas religiusas e politicas. Il Forum Helveticum \u00e8 in lieu d\u2019inscunter e da dialog che sa deditgescha a las dumondas da la vita publica. Sco center da cumpetenza per la chapientscha linguistica e culturala promova il Forum Helveticum la chapientscha en&nbsp;<a class=\"more\" href=\"https:\/\/forum-helveticum.ch\/rm\/tgi-essan-nus\/lassociaziun\/\">Dapli<\/a><\/p>\n","protected":false},"author":2,"featured_media":0,"parent":679,"menu_order":1,"comment_status":"closed","ping_status":"closed","template":"","meta":{"_acf_changed":false,"footnotes":""},"class_list":["post-688","page","type-page","status-publish","hentry"],"acf":[],"_links":{"self":[{"href":"https:\/\/forum-helveticum.ch\/rm\/wp-json\/wp\/v2\/pages\/688","targetHints":{"allow":["GET"]}}],"collection":[{"href":"https:\/\/forum-helveticum.ch\/rm\/wp-json\/wp\/v2\/pages"}],"about":[{"href":"https:\/\/forum-helveticum.ch\/rm\/wp-json\/wp\/v2\/types\/page"}],"author":[{"embeddable":true,"href":"https:\/\/forum-helveticum.ch\/rm\/wp-json\/wp\/v2\/users\/2"}],"replies":[{"embeddable":true,"href":"https:\/\/forum-helveticum.ch\/rm\/wp-json\/wp\/v2\/comments?post=688"}],"version-history":[{"count":0,"href":"https:\/\/forum-helveticum.ch\/rm\/wp-json\/wp\/v2\/pages\/688\/revisions"}],"up":[{"embeddable":true,"href":"https:\/\/forum-helveticum.ch\/rm\/wp-json\/wp\/v2\/pages\/679"}],"wp:attachment":[{"href":"https:\/\/forum-helveticum.ch\/rm\/wp-json\/wp\/v2\/media?parent=688"}],"curies":[{"name":"wp","href":"https:\/\/api.w.org\/{rel}","templated":true}]}}