{"id":15039,"date":"2024-08-27T13:29:31","date_gmt":"2024-08-27T11:29:31","guid":{"rendered":"https:\/\/forum-helveticum.ch\/?page_id=15039"},"modified":"2024-08-27T15:07:33","modified_gmt":"2024-08-27T13:07:33","slug":"plurilinguitad-4-0-la-conferenza","status":"publish","type":"page","link":"https:\/\/forum-helveticum.ch\/rm\/plurilinguitad-4-0-la-conferenza\/","title":{"rendered":"Conferenza FH 2024 \u2013 applicaziuns linguisticas digitalas en il mintgadi da lavur d&#8217;interpresas plurilinguas"},"content":{"rendered":"<p>Applicaziuns linguisticas digitalas sa sviluppan vinavant en in tempo rasant, \u00e8n simplas d&#8217;utilisar e stattan a disposiziun gratuitamain a las emploiadas ed als emploiads. Tge dovran las interpresas per garantir ina communicaziun plurilingua da success er en vista ad in diever creschent d&#8217;applicaziuns linguisticas digitalas? Co sensibiliseschan las interpresas plurilinguas lur collavuraturas e collavuraturs per il diever da quests tools?<\/p>\r\n<p>Il Forum Helveticum envida tut las persunas interessadas da discutar en il rom d&#8217;ina conferenza davart quellas ed autras dumondas che concernan il diever d&#8217;applicaziuns linguisticas digitalas en in ambient da lavur pluriling. La conferenza ha lieu <strong>ils 14 da november 2024, da las 13.00 fin las 17.30, en l&#8217;hotel Kreuz a Berna<\/strong>.<\/p>\r\n<p>In&#8217;annunzia a la conferenza \u00e8 pussaivla fin il 1. da november 2024. Il dumber da plazzas \u00e8 limit\u00e0. Nus supplitgain Vus d&#8217;As annunziar cun il <a href=\"https:\/\/docs.google.com\/forms\/d\/e\/1FAIpQLSfScCkJ9F8pI85yZVHYzm2tLN_vuLWHEW7MtoqmX7BVcQXYOA\/viewform?vc=0&amp;c=0&amp;w=1&amp;flr=0\" target=\"_blank\" rel=\"noopener\">suandant formular<\/a>.<\/p>\r\n<hr \/>\r\n<h2>Program<\/h2>\r\n<table style=\"width: 77.9323%; height: 697px;\">\r\n<tbody>\r\n<tr style=\"height: 56px;\">\r\n<td style=\"width: 13.8158%; height: 56px;\">\r\n<p>13.00<\/p>\r\n<\/td>\r\n<td style=\"width: 51.853%; height: 56px;\" width=\"291\">\r\n<p>Registraziun<\/p>\r\n<\/td>\r\n<td style=\"width: 67.9246%; height: 56px;\" width=\"250\">\r\n<p>&nbsp;<\/p>\r\n<\/td>\r\n<\/tr>\r\n<tr style=\"height: 80px;\">\r\n<td style=\"width: 13.8158%; height: 80px;\" width=\"123\">\r\n<p>13.15<\/p>\r\n<\/td>\r\n<td style=\"width: 51.853%; height: 80px;\" width=\"78\">\r\n<p>Bainvegni<\/p>\r\n<\/td>\r\n<td style=\"width: 67.9246%; height: 80px;\" width=\"291\">\r\n<p>Corina Casanova, presidenta Forum Helveticum<\/p>\r\n<\/td>\r\n<\/tr>\r\n<tr style=\"height: 96px;\">\r\n<td style=\"width: 13.8158%; height: 96px;\" width=\"123\">\r\n<p>13.25<\/p>\r\n<\/td>\r\n<td style=\"width: 51.853%; height: 96px;\" width=\"482\">\r\n<p><a href=\"https:\/\/forum-helveticum.ch\/wp-content\/uploads\/2024\/08\/Praesentation-textshuttle-Tagung-FH-2024-1.pdf\" target=\"_blank\" rel=\"noopener\">Preschentaziun textshuttle<\/a><br \/>\r\n\u00abMehrsprachig auf Knopfdruck dank AI: Was bedeutet das f\u00fcr die Schweiz?\u00bb<\/p>\r\n<\/td>\r\n<td style=\"width: 67.9246%; height: 96px;\">\r\n<p>Mara Bertamini, Chief Language Officer, textshuttle<\/p>\r\n<\/td>\r\n<\/tr>\r\n<tr>\r\n<td style=\"width: 13.8158%;\" rowspan=\"4\">\r\n<p>14.30<\/p>\r\n<p>&nbsp;<\/p>\r\n<p>&nbsp;<\/p>\r\n<p>&nbsp;<\/p>\r\n<\/td>\r\n<td style=\"width: 51.853%;\">\r\n<p><a href=\"https:\/\/forum-helveticum.ch\/wp-content\/uploads\/2024\/08\/Workshops-Tagung-FH-2024.pdf\" target=\"_blank\" rel=\"noopener\">Workshops<\/a><\/p>\r\n<\/td>\r\n<td style=\"width: 67.9246%;\">\r\n<p>&nbsp;<\/p>\r\n<\/td>\r\n<\/tr>\r\n<tr>\r\n<td style=\"width: 51.853%;\">\r\n<p>1. \u00abAcquisition d\u2019outils de technologie linguistique au sein des grandes organisations : comment bien le faire et le faire savoir \u2013 Sprachtechnologietools in grossen Organisationen: Beschaffe sorgf\u00e4ltig und sprich dar\u00fcber\u00bb<\/p>\r\n<\/td>\r\n<td style=\"width: 67.9246%;\" width=\"170\">\r\n<p>Monika R\u00f6thlisberger, Leiterin Kompetenzzentrum Sprachtechnologien der Bundeskanzlei<\/p>\r\n<\/td>\r\n<\/tr>\r\n<tr>\r\n<td style=\"width: 51.853%;\">\r\n<p>2. \u00abMehrsprachige Kommunikation in Organisationen: Wie kann man das Potential digitaler \u00dcbersetzungstools nutzen? Was gibt es zu beachten? \u2013 Communication plurilingue institutionnelle: comment exploiter le potentiel des traducteurs automatiques? \u00c0 quoi faire attention?\u00bb<\/p>\r\n<\/td>\r\n<td style=\"width: 67.9246%;\" width=\"170\">\r\n<p>Prof. Dr. Caroline Lehr, Professorin f\u00fcr \u00dcbersetzungswissenschaft ZHAW &amp; <br \/>\r\nDr. Sara Cotelli Kureth, directrice du Centre de langues Universit\u00e9 Neuch\u00e2tel<\/p>\r\n<\/td>\r\n<\/tr>\r\n<tr>\r\n<td style=\"width: 51.853%;\">\r\n<p>3. \u00abSprachbarrieren abbauen, Inklusion f\u00f6rdern: Erfolgsstrategien f\u00fcr Unternehmen\u00bb<\/p>\r\n<\/td>\r\n<td style=\"width: 67.9246%;\">\r\n<p>Dalia Goldberger, Stv. Abteilungsleiterin Business Development &amp; <br \/>\r\nNico Roos, Leiter Technology, Accessibility Services, Swiss TXT<\/p>\r\n<\/td>\r\n<\/tr>\r\n<tr style=\"height: 56px;\">\r\n<td style=\"width: 13.8158%; height: 56px;\" width=\"123\">\r\n<p>15.15<\/p>\r\n<\/td>\r\n<td style=\"width: 51.853%; height: 56px;\" width=\"482\">\r\n<p>Pausa e barat<\/p>\r\n<\/td>\r\n<td style=\"width: 67.9246%; height: 56px;\">\r\n<p>&nbsp;<\/p>\r\n<\/td>\r\n<\/tr>\r\n<tr style=\"height: 56px;\">\r\n<td style=\"width: 13.8158%; height: 56px;\" width=\"123\">\r\n<p>15.45<\/p>\r\n<\/td>\r\n<td style=\"width: 51.853%; height: 56px;\" width=\"482\">Discussiun da podium<\/td>\r\n<td style=\"width: 67.9246%; height: 56px;\">\u00a0<\/td>\r\n<\/tr>\r\n<tr style=\"height: 56px;\">\r\n<td style=\"width: 13.8158%; height: 56px;\" width=\"123\">\r\n<p>16.30<\/p>\r\n<\/td>\r\n<td style=\"width: 51.853%; height: 56px;\" width=\"482\">\r\n<p>Resumaziun da la conferenza<\/p>\r\n<\/td>\r\n<td style=\"width: 67.9246%; height: 56px;\">\r\n<p>&nbsp;<\/p>\r\n<\/td>\r\n<\/tr>\r\n<tr style=\"height: 56px;\">\r\n<td style=\"width: 13.8158%; height: 56px;\" width=\"123\">\r\n<p>16.45<\/p>\r\n<\/td>\r\n<td style=\"width: 51.853%; height: 56px;\" width=\"482\">\r\n<p>Apero<\/p>\r\n<\/td>\r\n<td style=\"width: 67.9246%; height: 56px;\">\r\n<p>&nbsp;<\/p>\r\n<\/td>\r\n<\/tr>\r\n<\/tbody>\r\n<\/table>\r\n<p>moderaziun: Astrid Tomczak-Plewka<\/p>\r\n<p>Ils referats vegnan tegnids en la lingua da lur titel. Nagina translaziun simultana.<\/p>\r\n<hr \/>\r\n<h2>Lieu<\/h2>\r\n<p>Hotel Kreuz, Zeughausgasse 41, 3011 Berna<\/p>\r\n<hr \/>\r\n<h2>Contact<\/h2>\r\n<p><a href=\"mailto:info@forum-helveticum.ch\">info@forum-helveticum.ch<br \/>\r\n<\/a><\/p>\r\n<p><strong>Cun sustegn da:<\/strong><\/p>\r\n<p><img loading=\"lazy\" decoding=\"async\" class=\"alignnone size-medium wp-image-15299\" src=\"https:\/\/forum-helveticum.ch\/wp-content\/uploads\/2024\/06\/Logo-BAK-petit-2.0-700x144.jpg\" alt=\"\" width=\"700\" height=\"144\" \/><\/p>","protected":false},"excerpt":{"rendered":"<p>Applicaziuns linguisticas digitalas sa sviluppan vinavant en in tempo rasant, \u00e8n simplas d&#8217;utilisar e stattan a disposiziun gratuitamain a las emploiadas ed als emploiads. Tge dovran las interpresas per garantir ina communicaziun plurilingua da success er en vista ad in diever creschent d&#8217;applicaziuns linguisticas digitalas? Co sensibiliseschan las interpresas plurilinguas lur collavuraturas e collavuraturs per&nbsp;<a class=\"more\" href=\"https:\/\/forum-helveticum.ch\/rm\/plurilinguitad-4-0-la-conferenza\/\">Dapli<\/a><\/p>\n","protected":false},"author":4,"featured_media":0,"parent":0,"menu_order":0,"comment_status":"closed","ping_status":"closed","template":"","meta":{"_acf_changed":false,"footnotes":""},"class_list":["post-15039","page","type-page","status-publish","hentry"],"acf":[],"_links":{"self":[{"href":"https:\/\/forum-helveticum.ch\/rm\/wp-json\/wp\/v2\/pages\/15039","targetHints":{"allow":["GET"]}}],"collection":[{"href":"https:\/\/forum-helveticum.ch\/rm\/wp-json\/wp\/v2\/pages"}],"about":[{"href":"https:\/\/forum-helveticum.ch\/rm\/wp-json\/wp\/v2\/types\/page"}],"author":[{"embeddable":true,"href":"https:\/\/forum-helveticum.ch\/rm\/wp-json\/wp\/v2\/users\/4"}],"replies":[{"embeddable":true,"href":"https:\/\/forum-helveticum.ch\/rm\/wp-json\/wp\/v2\/comments?post=15039"}],"version-history":[{"count":0,"href":"https:\/\/forum-helveticum.ch\/rm\/wp-json\/wp\/v2\/pages\/15039\/revisions"}],"wp:attachment":[{"href":"https:\/\/forum-helveticum.ch\/rm\/wp-json\/wp\/v2\/media?parent=15039"}],"curies":[{"name":"wp","href":"https:\/\/api.w.org\/{rel}","templated":true}]}}