{"id":715,"date":"2016-06-12T22:34:52","date_gmt":"2016-06-12T20:34:52","guid":{"rendered":"https:\/\/forum-helveticum.ch\/it\/impressum\/"},"modified":"2024-02-23T17:42:22","modified_gmt":"2024-02-23T16:42:22","slug":"impressum","status":"publish","type":"page","link":"https:\/\/forum-helveticum.ch\/it\/impressum\/","title":{"rendered":"Impressum"},"content":{"rendered":"<h2>Realisazione:<\/h2>\r\n<p>Grafica: <a href=\"http:\/\/burodestruct.net\/\" target=\"_blank\" rel=\"noopener\">B\u00fcro Destruct<\/a> &#8211; Lopetz Gianfreda<br \/>\r\nProgrammazione: <a href=\"http:\/\/www.humantools.com\/\" target=\"_blank\" rel=\"noopener\">Kaspar L\u00fcthi &#8211; Humantools Interactive<\/a><a href=\"http:\/\/www.humantools.com\/\" target=\"_blank\" rel=\"noopener\"><br \/>\r\n<\/a>Hosting: <a href=\"http:\/\/www.hausformat.com\/\" target=\"_blank\" rel=\"noopener\">.Hausformat<\/a><\/p>\r\n<h2><span class=\"Apple-style-span\">Avvertenza legale :<\/span><\/h2>\r\n<h3>Responsabilit\u00e0<\/h3>\r\n<p><span class=\"Apple-style-span\">Il Forum Helveticum declina qualsiasi responsabilit\u00e0 per quanto riguarda la correttezza e completezza dei contenuti del portale, nonch\u00e9 per quanto riguarda eventuali errori di natura redazionale o tecnica, omissioni ecc. In particolare non assume alcuna responsabilit\u00e0 per la correttezza e completezza dei contenuti forniti da terzi al portale. Il Forum Helveticum si riserva espressamente il diritto di modificare o rimuovere i contenuti del portale, oppure di sospenderne la pubblicazione, in parte o per intero, in qualsiasi momento e senza preavviso.<br \/>\r\n<\/span><\/p>\r\n<h3>Link<\/h3>\r\n<p><span class=\"Apple-style-span\">Le pagine Internet e i documenti di terzi accessibili tramite i link riportati nel portale non rientrano nell\u2019ambito di responsabilit\u00e0 del Forum Helveticum. L&#8217;accesso a tali pagine Internet e il loro utilizzo avvengono a rischio dell&#8217;utente. Se il portale dovesse rimandare a pagine il cui contenuto d\u00e0 adito a contestazioni vi preghiamo di segnalarcelo (con il\u00a0<a href=\"https:\/\/forum-helveticum.ch\/it\/contatto\/\">modulo di contatto<\/a>).<br \/>\r\n<\/span><\/p>\r\n<h3>Copyright<\/h3>\r\n<p><span class=\"Apple-style-span\">Copyright, Forum Helveticum, 2012.<br \/>\r\nLe informazioni, le immagini e i testi contenuti nel portale sono protetti dalla legge federale sul diritto d\u2019autore e sui diritti di protezione affini (LDA) del 1992. Il loro utilizzo \u00e8 permesso per scopi non commerciali a condizione che sia indicata la fonte. L\u2019utilizzo per scopi commerciali presuppone che sia convenuto con il Forum Helveticum il versamento di un compenso.<br \/>\r\n<\/span><\/p>\r\n<h3>Protezione dei dati<\/h3>\r\n<p><span class=\"Apple-style-span\">I dati personali sono trattati con la massima riservatezza e non vengono venduti n\u00e9 inoltrati a terzi. Con la trasmissione di dati personali al portale l\u2019utente autorizza il Forum Helveticum a salvare tali dati e a utilizzarli conformemente alla legislazione svizzera sulla protezione dei dati. Le informazioni destinate al pubblico (p. es. presentazione di un\u2019organizzazione nella rubrica \u00abOrganizzazioni\u00bb) vengono utilizzate esclusivamente per la relativa sezione del portale.<\/span><\/p>","protected":false},"excerpt":{"rendered":"<p>Realisazione: Grafica: B\u00fcro Destruct &#8211; Lopetz Gianfreda Programmazione: Kaspar L\u00fcthi &#8211; Humantools Interactive Hosting: .Hausformat Avvertenza legale : Responsabilit\u00e0 Il Forum Helveticum declina qualsiasi responsabilit\u00e0 per quanto riguarda la correttezza e completezza dei contenuti del portale, nonch\u00e9 per quanto riguarda eventuali errori di natura redazionale o tecnica, omissioni ecc. In particolare non assume alcuna responsabilit\u00e0&nbsp;<a class=\"more\" href=\"https:\/\/forum-helveticum.ch\/it\/impressum\/\">Leggi tutto<\/a><\/p>\n","protected":false},"author":2,"featured_media":0,"parent":0,"menu_order":4,"comment_status":"closed","ping_status":"closed","template":"","meta":{"_acf_changed":false,"footnotes":""},"class_list":["post-715","page","type-page","status-publish","hentry"],"acf":[],"_links":{"self":[{"href":"https:\/\/forum-helveticum.ch\/it\/wp-json\/wp\/v2\/pages\/715","targetHints":{"allow":["GET"]}}],"collection":[{"href":"https:\/\/forum-helveticum.ch\/it\/wp-json\/wp\/v2\/pages"}],"about":[{"href":"https:\/\/forum-helveticum.ch\/it\/wp-json\/wp\/v2\/types\/page"}],"author":[{"embeddable":true,"href":"https:\/\/forum-helveticum.ch\/it\/wp-json\/wp\/v2\/users\/2"}],"replies":[{"embeddable":true,"href":"https:\/\/forum-helveticum.ch\/it\/wp-json\/wp\/v2\/comments?post=715"}],"version-history":[{"count":0,"href":"https:\/\/forum-helveticum.ch\/it\/wp-json\/wp\/v2\/pages\/715\/revisions"}],"wp:attachment":[{"href":"https:\/\/forum-helveticum.ch\/it\/wp-json\/wp\/v2\/media?parent=715"}],"curies":[{"name":"wp","href":"https:\/\/api.w.org\/{rel}","templated":true}]}}