{"id":699,"date":"2016-06-12T22:14:51","date_gmt":"2016-06-12T20:14:51","guid":{"rendered":"https:\/\/forum-helveticum.ch\/it\/chi-siamo\/partner\/"},"modified":"2026-04-14T15:26:41","modified_gmt":"2026-04-14T13:26:41","slug":"membri","status":"publish","type":"page","link":"https:\/\/forum-helveticum.ch\/it\/chi-siamo\/membri\/","title":{"rendered":"Membri"},"content":{"rendered":"<p>I membri del Forum Helveticum (FH) sono organizzazioni mantello di associazioni svizzere, altre organizzazioni private, nonch\u00e9 persone morali di diritto pubblico. Sono attualmente membri del FH 32 organizzazioni attive in ambito politico, culturale, confessionale, economico e di utilit\u00e0 pubblica.<\/p>\r\n<h3><em>Membri sostenitori<br \/>\r\n<br \/>\r\n<\/em><\/h3>\r\n<p><b>Fundazione Oertli<\/b><br \/>\r\nAnne-Catherine de Perrot, Presidente<br \/>\r\nSeestrasse 279<br \/>\r\n8038 Z\u00fcrich<br \/>\r\nTel.\u00a0<span class=\"skype_c2c_print_container notranslate\">044 481 53 85<\/span><br \/>\r\nFax 044 481 53 88<br \/>\r\n<a href=\"mailto:info@oertlistiftung.ch\">info@oertlistiftung.ch<\/a><br \/>\r\n<a href=\"http:\/\/www.oertlistiftung.ch\">www.oertlistiftung.ch<\/a><\/p>\r\n<p><b>Suva<\/b><br \/>\r\nNathalie Leschot, <span class=\"text\">Human Resources<\/span><br \/>\r\nFluhmattstrasse 1<br \/>\r\n6004 Luzern<br \/>\r\n<a href=\"https:\/\/www.suva.ch\/\" target=\"_blank\" rel=\"noopener\">www.suva.ch<\/a><\/p>\r\n<p>&nbsp;<\/p>\r\n<h3><em>Membri collettivi<br \/>\r\n<br \/>\r\n<\/em><\/h3>\r\n<p><b>Auslandschweizer-Organisation | Organisation des Suisses de l&#8217;\u00e9tranger<\/b><br \/>\r\nDaniel Hunziker, Direktor<br \/>\r\nAlpenstrasse 26<br \/>\r\n3006 Bern<br \/>\r\nTel.\u00a0<span class=\"skype_c2c_print_container notranslate\">031 326 61 27<\/span><br \/>\r\n<a href=\"mailto:hunziker@swisscommunity.org\">hunziker@swisscommunity.org<\/a><br \/>\r\n<a href=\"http:\/\/www.swisscommunity.org\" target=\"_blank\" rel=\"noopener noreferrer\">www.swisscommunity.org<\/a><br \/>\r\n\u00a0<br \/>\r\n<b>Begegnungszentrum Waldegg | Centre de rencontres Waldegg<\/b><br \/>\r\nDr. Andreas Affolter<b><\/b><br \/>\r\nWaldeggstrasse 1<br \/>\r\n4532 Feldbrunnen-Solothurn<br \/>\r\nTel.\u00a0<span class=\"skype_c2c_print_container notranslate\">032 627 63 63<\/span><br \/>\r\nFax 032 627 63 68<br \/>\r\n<a href=\"mailto:andreas.affolter@schloss-waldegg.ch\">andreas.affolter@schloss-waldegg.ch<\/a><br \/>\r\n<a href=\"http:\/\/www.schloss-waldegg.ch\/\" target=\"_blank\" rel=\"noopener noreferrer\">www.schloss-waldegg.ch<\/a><br \/>\r\n\u00a0<br \/>\r\n<b>Christkatholische Kirche der Schweiz | Eglise catholique-chr\u00e9tienne de Suisse<\/b><br \/>\r\nRolf Reimann, Pfarrer<br \/>\r\nLogengasse 3<br \/>\r\n2502 Biel\/Bienne<br \/>\r\nTel.\u00a0<span class=\"skype_c2c_print_container notranslate\">032 322 64 86<\/span><br \/>\r\n<a href=\"mailto:synodalrat@christkatholisch.ch\">synodalrat@christkatholisch.ch<\/a><br \/>\r\n<a href=\"https:\/\/christkatholisch.ch\" target=\"_blank\" rel=\"noopener noreferrer\">https:\/\/christkatholisch.ch<\/a><br \/>\r\n\u00a0<br \/>\r\n<b>Conf\u00e9rence des \u00e9v\u00eaques suisses | Schweizer Bischofskonferenz<\/b><br \/>\r\nSecr\u00e9tariat g\u00e9n\u00e9ral<br \/>\r\nRue des Alpes 6<br \/>\r\nCase postale 278<br \/>\r\n1701 Fribourg<br \/>\r\nTel.\u00a0<span class=\"skype_c2c_print_container notranslate\">026 510 15 15<\/span><br \/>\r\nFax 026 510 15 16<br \/>\r\n<a href=\"mailto:secretariat@conferencedeseveques.ch\">secretariat@conferencedeseveques.ch<\/a><br \/>\r\n<a href=\"http:\/\/www.kath.ch\/sbk-ces-cvs\" target=\"_blank\" rel=\"noopener noreferrer\">www.kath.ch\/sbk-ces-cvs<\/a><br \/>\r\n\u00a0<br \/>\r\n<b>Coscienza Svizzera<\/b><br \/>\r\nVerio Pini, Presidente<br \/>\r\nCasella postale 1559, 6501 Bellinzona<br \/>\r\n<a href=\"mailto:segretariato@coscienzasvizzera.ch\">segretariato@coscienzasvizzera.ch<\/a><br \/>\r\n<a href=\"http:\/\/www.coscienzasvizzera.ch\/\" target=\"_blank\" rel=\"noopener noreferrer\">www.coscienzasvizzera.ch<\/a><br \/>\r\n\u00a0<br \/>\r\n<b>Dachverband Schweizer Lehrerinnen und Lehrer (LCH) | Association fa\u00eeti\u00e8re des enseignantes et des enseignants suisses<\/b><br \/>\r\nDagmar R\u00f6sler, Zentralpr\u00e4sidentin<br \/>\r\nAllmendstrasse 14<br \/>\r\n4515 Oberdorf<br \/>\r\nTel. 032 621 56 80<br \/>\r\n<a href=\"mailto:d.roesler@Ich.ch\">d.roesler@Ich.ch<\/a><br \/>\r\n<a href=\"http:\/\/www.lch.ch\/\" target=\"_blank\" rel=\"noopener noreferrer\">www.lch.ch<\/a><br \/>\r\n\u00a0<br \/>\r\n<b>Die Schweizerische Post | La Poste Suisse<\/b><br \/>\r\nCommunication &#8211; Affaires publiques et internationales<br \/>\r\nWankdorfallee 4<br \/>\r\n3030 Bern<span id=\"skype_c2c_container\" class=\"skype_c2c_container notranslate\" dir=\"ltr\" tabindex=\"-1\" data-isfreecall=\"false\" data-ismobile=\"false\" data-isrtl=\"false\" data-numbertocall=\"+41583382796\" data-numbertype=\"paid\"><span id=\"non_free_num_ui\" class=\"skype_c2c_textarea_span\"><\/span><\/span><br \/>\r\n<a href=\"mailto:politique@poste.ch\">politique@poste.ch<\/a><br \/>\r\n<a href=\"http:\/\/www.post.ch\/\" target=\"_blank\" rel=\"noopener noreferrer\">www.post.ch<\/a><br \/>\r\n<a href=\"http:\/\/www.poste.ch\/\" target=\"_blank\" rel=\"noopener noreferrer\">www.poste.ch<\/a><\/p>\r\n<p><strong>Fondation Esprit Francophonie<\/strong><br \/>\r\nMaya Zinsli, Directrice g\u00e9n\u00e9rale<br \/>\r\nKappelergasse 15<br \/>\r\n8001 Z\u00fcrich<br \/>\r\n<a href=\"mailto:info@fef.email\">info@fef.email\u00a0<\/a><br \/>\r\n<a href=\"https:\/\/www.fef.education\" target=\"_blank\" rel=\"noopener\">www.fef.education<\/a><br \/>\r\n\u00a0<br \/>\r\n<strong>Freiburger Kantonalbank <b>| Banque Cantonale de Fribourg<\/b><\/strong><br \/>\r\nAnne Maillard, Directrice<br \/>\r\nCase Postale<br \/>\r\n1701 Freiburg<br \/>\r\nT\u00e9l. 0848 223 223<br \/>\r\n<a href=\"https:\/\/www.bcf.ch\" target=\"_blank\" rel=\"noopener\">www.bcf.ch<\/a><\/p>\r\n<p><b>Helvetia Latina<\/b><br \/>\r\nAlexandre Suter, Segretario generale<br \/>\r\nHelvetia Latina<br \/>\r\nCase postale 375<br \/>\r\n3000 Bern 7<span id=\"skype_c2c_container\" class=\"skype_c2c_container notranslate\" dir=\"ltr\" tabindex=\"-1\" data-isfreecall=\"false\" data-ismobile=\"false\" data-isrtl=\"false\" data-numbertocall=\"+41794234524\" data-numbertype=\"paid\"><span id=\"non_free_num_ui\" class=\"skype_c2c_textarea_span\"><\/span><\/span><br \/>\r\n<a href=\"mailto:alexandre.suter@helvetia-latina.ch\">alexandre.suter@helvetia-latina.ch<\/a><br \/>\r\n<a href=\"http:\/\/www.helvetia-latina.ch\/\" target=\"_blank\" rel=\"noopener noreferrer\">www.helvetia-latina.ch<\/a><\/p>\r\n<p><strong>Institut dal Dicziunari Rumantsch Grischun<\/strong><strong><br \/>\r\n<\/strong>Dr. Ursin Lutz, Chefredaktor<br \/>\r\nRingstrasse 34<br \/>\r\n7000 Cuira<br \/>\r\nTel. 081 254 70 10<br \/>\r\n<a href=\"mailto:info@drg.ch\">info@drg.ch<\/a><\/p>\r\n<p><b>KEYSTONE-SDA-ATS AG<\/b><br \/>\r\nFederico Bragagnini<br \/>\r\nR\u00e9dacteur en chef, services fran\u00e7ais<br \/>\r\nWankdorfallee 5<br \/>\r\nPostfach<br \/>\r\n3000 Bern 22<br \/>\r\nTel.\u00a0<span class=\"skype_c2c_print_container notranslate\">058 909 50 50<\/span><br \/>\r\nFax 031 309 30 30<br \/>\r\n<a href=\"http:\/\/www.sda-ats.ch\/\" target=\"_blank\" rel=\"noopener noreferrer\">www.sda-ats.ch<\/a><br \/>\r\n\u00a0\u00a0\u00a0<br \/>\r\n<b>Lia Rumantscha<\/b><br \/>\r\nMarkus Solinger, Segretario generale<br \/>\r\nVia de la Plessur 47, Postfach<br \/>\r\n7001 Chur<br \/>\r\nTel.\u00a0<span class=\"skype_c2c_print_container notranslate\">081 258 32 22<\/span><br \/>\r\nFax 081 258 32 23<br \/>\r\n<a href=\"mailto:info@rumantsch.ch\">info@rumantsch.ch<\/a><br \/>\r\n<a href=\"http:\/\/www.liarumantscha.ch\/\" target=\"_blank\" rel=\"noopener noreferrer\">www.liarumantscha.ch<\/a><br \/>\r\n<br \/>\r\n<b>Nouvelle Soci\u00e9t\u00e9 Helv\u00e9tique | Neue Helvetische Gesellschaft<\/b><br \/>\r\nEsther Hulliger, Buchhalterin NHG<br \/>\r\n<a href=\"mailto:info@nhg.ch\">info@nhg.ch<\/a><br \/>\r\n\u00a0<br \/>\r\n<b>Stiftung f\u00fcr angewandte Linguistik<\/b><br \/>\r\nPeter-Paul B\u00e4nziger, Gesch\u00e4ftsf\u00fchrer<br \/>\r\n<a href=\"mailto:p.baenziger@st-al.ch\">p.baenziger@st-al.ch<\/a>\u00a0<\/p>\r\n<p><strong>Schweizerische Arbeitsgemeinschaft f\u00fcr die Berggebiete \/ Groupement suisse pour les r\u00e9gions de montagne (SAB)<br \/>\r\n<\/strong>Thomas Egger, Direktor<br \/>\r\nSeilenstrasse 4<br \/>\r\nPostfach<br \/>\r\n3001 Bern<br \/>\r\n<a href=\"http:\/\/www.sab.ch\">www.sab.ch<\/a><\/p>\r\n<p><strong>Schweizerische Bundesbahnen SBB \/ Chemins de fer f\u00e9d\u00e9raux CFF \/ Ferrovie Federali Svizzere FFS<br \/>\r\n<\/strong>Sabine Lehner, Leiterin Fachbereich Diversity &amp; Inclusion<br \/>\r\nHilfikerstrasse 1<br \/>\r\n3000 Bern 65<br \/>\r\nTel +41 51 220 11 11<a class=\"tel_link\" tabindex=\"0\" href=\"tel:+41 51 220 11 11\" target=\"_blank\" rel=\"external nofollow noopener noreferrer\">\u00a0<\/a><br \/>\r\n<a href=\"http:\/\/www.sbb.ch\/sbb-konzern.html\">www.sbb.ch<\/a><\/p>\r\n<p><strong>Schweizerische Mobiliar Genossenschaft | La\u00a0Mobili\u00e8re Suisse Soci\u00e9t\u00e9 Coop\u00e9rative<\/strong>\u00a0<br \/>\r\nBelinda Walther Weger, Leiterin Public Affairs<br \/>\r\nBundesgasse 35<br \/>\r\n3001 Bern<br \/>\r\n<br \/>\r\n<b>Schweizerischer Arbeitgeberverband | Union patronale suisse<\/b><br \/>\r\nProf. Dr. Roland A. M\u00fcller, Direktor<br \/>\r\nHegibachstrasse 47<br \/>\r\nPostfach<br \/>\r\n8032 Z\u00fcrich<br \/>\r\nTel.\u00a0<span class=\"skype_c2c_print_container notranslate\">044 421 17 17<\/span><br \/>\r\nFax 044 421 17 18<br \/>\r\n<a href=\"mailto:verband@arbeitgeber.ch\">verband@arbeitgeber.ch<\/a><br \/>\r\n<a href=\"http:\/\/www.arbeitgeber.ch\/\" target=\"_blank\" rel=\"noopener noreferrer\">www.arbeitgeber.ch<\/a><br \/>\r\n\u00a0<br \/>\r\n<b>Schweizerischer Gemeindeverband | Association des Communes Suisses<\/b><br \/>\r\nChristoph Niederberger, Direktor<br \/>\r\nLaupenstrasse 35<br \/>\r\n3008 Bern<br \/>\r\nTel. 031 380 70 00<br \/>\r\n<a href=\"mailto:verband@chgemeinden.ch\">verband@chgemeinden.ch<\/a><br \/>\r\n<a href=\"http:\/\/www.chgemeinden.ch\/\" target=\"_blank\" rel=\"noopener noreferrer\">www.chgemeinden.ch<\/a><br \/>\r\n<br \/>\r\n<b>Schweizerischer St\u00e4dteverband | Union des villes suisses<\/b><br \/>\r\nMonbijoustrasse 8<br \/>\r\nPostfach 8175<br \/>\r\n3001 Bern<br \/>\r\nTel.\u00a0<span class=\"skype_c2c_print_container notranslate\">031 356 32 32<\/span><span id=\"skype_c2c_container\" class=\"skype_c2c_container notranslate\" dir=\"ltr\" tabindex=\"-1\" data-isfreecall=\"false\" data-ismobile=\"false\" data-isrtl=\"false\" data-numbertocall=\"+41313563232\" data-numbertype=\"paid\"><span class=\"skype_c2c_highlighting_inactive_common\" dir=\"ltr\"><span id=\"non_free_num_ui\" class=\"skype_c2c_textarea_span\"><br \/>\r\n<\/span><\/span><\/span>Fax 031 356 32 33<br \/>\r\n<a href=\"mailto:info@staedteverband.ch\">info@staedteverband.ch<\/a><br \/>\r\n<a href=\"http:\/\/www.staedteverband.ch\/\" target=\"_blank\" rel=\"noopener noreferrer\">www.staedteverband.ch<\/a><br \/>\r\n\u00a0<br \/>\r\n<b>Schweizerischer Studentenverein | Soci\u00e9t\u00e9 des \u00e9tudiants suisses<\/b><br \/>\r\nZentralsekretariat<br \/>\r\nGerliswilstrasse 71<br \/>\r\n6020 Emmenbr\u00fccke<br \/>\r\nTel.\u00a0<span class=\"skype_c2c_print_container notranslate\">041 269 11 50<\/span><br \/>\r\nFax 041 269 11 10<br \/>\r\n<a href=\"mailto:office@schw-stv.ch\">office@schw-stv.ch<\/a><br \/>\r\n<a href=\"http:\/\/www.schw.stv.ch\/\" target=\"_blank\" rel=\"noopener noreferrer\">www.schw.stv.ch<\/a><br \/>\r\n\u00a0<br \/>\r\n<b>Schweizerischer Verband der B\u00fcrgergemeinden und Korporationen | F\u00e9d\u00e9ration suisse des bourgeoisies et corporations<\/b><br \/>\r\nElias Maier, Gesch\u00e4ftsf\u00fchrer<br \/>\r\nBundesgasse 16<br \/>\r\n3011 Bern<br \/>\r\nTel.\u00a0<span class=\"skype_c2c_print_container notranslate\">031 311 14 14<\/span><br \/>\r\nFax 031 311 18 58<br \/>\r\n<a href=\"mailto:info@svbk.ch\">info@svbk.ch<\/a><br \/>\r\n<a href=\"http:\/\/www.svbk.ch\/\" target=\"_blank\" rel=\"noopener noreferrer\">www.svbk.ch<\/a><br \/>\r\n\u00a0<br \/>\r\n<b>Schweizerischer Verein f\u00fcr die deutsche Sprache<br \/>\r\n<\/b>Dr. J\u00fcrg Niederhauser, Pr\u00e4sident<br \/>\r\nFischerm\u00e4ttelistrasse 13<br \/>\r\n3008 Bern<br \/>\r\n<a href=\"mailto:juerg.niederhauser@gmx.ch\">juerg.niederhauser@gmx.ch<\/a><br \/>\r\n<a href=\"http:\/\/www.sprachverein.ch\/\" target=\"_blank\" rel=\"noopener noreferrer\">www.sprachverein.ch<\/a><\/p>\r\n<p><b>Service de presse suisse<\/b><br \/>\r\nRuth Gantert, K\u00fcnstlerische Leitung<br \/>\r\nCorinne M\u00fcller, Administrative Leitung<br \/>\r\nRue St-Laurent 6<br \/>\r\n1207 Gen\u00e8ve<br \/>\r\n<a href=\"mailto:admin@sp-s.ch\">admin@sp-s.ch<\/a><br \/>\r\n<a href=\"http:\/\/www.service-de-presse-suisse.ch\/\" target=\"_blank\" rel=\"noopener noreferrer\">www.service-de-presse-suisse.ch<\/a><br \/>\r\n<br \/>\r\n<b>SRG SSR<\/b><br \/>\r\nPublic Affairs<br \/>\r\nDirection g\u00e9n\u00e9rale<br \/>\r\nGiacomettistrasse 1<br \/>\r\n3000 Bern 31<br \/>\r\nTel. <span class=\"skype_c2c_print_container notranslate\">031 350 92 30<\/span><br \/>\r\n<a href=\"mailto:publicaffairs@srgssr.ch\">publicaffairs@srgssr.ch<\/a><br \/>\r\n<a href=\"http:\/\/www.srgssr.ch\/\">www.srgssr.ch<\/a><br \/>\r\n\u00a0<br \/>\r\n<b>Stiftung Forum f\u00fcr die Zweisprachigkeit | Fondation Forum du bilinguisme<\/b><br \/>\r\nVirginie Borel, directrice<br \/>\r\nPlace Robert-Walser 7<br \/>\r\nPostfach 439<br \/>\r\n2501 Biel-Bienne<br \/>\r\nTel.\u00a0<span class=\"skype_c2c_print_container notranslate\">032 323 22 80<\/span><br \/>\r\nFax 032 323 22 81<br \/>\r\n<a href=\"mailto:forum@bilinguisme.ch\">forum@bilinguisme.ch<\/a><br \/>\r\n<a href=\"http:\/\/www.bilinguisme.ch\/\" target=\"_blank\" rel=\"noopener noreferrer\">www.bilinguisme.ch<\/a><br \/>\r\n<a href=\"http:\/\/www.zweisprachigkeit.ch\/\" target=\"_blank\" rel=\"noopener noreferrer\">www.zweisprachigkeit.ch<\/a><\/p>\r\n<p><b>Swisscom<\/b><br \/>\r\nIvana Sambo, Public Affairs<br \/>\r\nAlte Tiefenaustrasse 6<br \/>\r\n3048 Worblaufen<br \/>\r\n<a href=\"http:\/\/www.swisscom.ch\">www.swisscom.ch<\/a><\/p>\r\n<p><strong>Syndicat des enseignant\u2219es romand\u2219es<br \/>\r\n<\/strong>David Rey, Pr\u00e9sident<br \/>\r\nCP 899 \/ Avenue de la gare 40<br \/>\r\n1920 Martigny 1<br \/>\r\nT\u00e9l : 027 \/ 723 59 60<br \/>\r\n<a href=\"mailto:ser@le-ser.ch\">ser@le-ser.ch<\/a><br \/>\r\n<a href=\"http:\/\/www.le-ser.ch\">www.le-ser.ch<\/a><\/p>\r\n<p><b>Vereinigung der Schweizerischen Hochschuldozierenden | Association suisse des enseignant-e-s d&#8217;universit\u00e9<\/b><br \/>\r\nProf. Gernot Kostorz<br \/>\r\nGeneralsekret\u00e4r<br \/>\r\nBuchhalden 5<br \/>\r\n8127 Forch<br \/>\r\nTel.\u00a0<span class=\"skype_c2c_print_container notranslate\">044 980 09 49<\/span><br \/>\r\nFax 044 633 11 05<br \/>\r\n<a href=\"mailto:vsh-sekretariat@ethz.ch\">vsh-sekretariat@ethz.ch<\/a><br \/>\r\n<a href=\"http:\/\/www.hsl.ethz.ch\/\" target=\"_blank\" rel=\"noopener noreferrer\">www.hsl.ethz.ch<\/a><\/p>","protected":false},"excerpt":{"rendered":"<p>I membri del Forum Helveticum (FH) sono organizzazioni mantello di associazioni svizzere, altre organizzazioni private, nonch\u00e9 persone morali di diritto pubblico. Sono attualmente membri del FH 32 organizzazioni attive in ambito politico, culturale, confessionale, economico e di utilit\u00e0 pubblica. Membri sostenitori Fundazione Oertli Anne-Catherine de Perrot, Presidente Seestrasse 279 8038 Z\u00fcrich Tel.\u00a0044 481 53 85&nbsp;<a class=\"more\" href=\"https:\/\/forum-helveticum.ch\/it\/chi-siamo\/membri\/\">Leggi tutto<\/a><\/p>\n","protected":false},"author":2,"featured_media":0,"parent":678,"menu_order":4,"comment_status":"closed","ping_status":"closed","template":"","meta":{"_acf_changed":false,"footnotes":""},"class_list":["post-699","page","type-page","status-publish","hentry"],"acf":[],"_links":{"self":[{"href":"https:\/\/forum-helveticum.ch\/it\/wp-json\/wp\/v2\/pages\/699","targetHints":{"allow":["GET"]}}],"collection":[{"href":"https:\/\/forum-helveticum.ch\/it\/wp-json\/wp\/v2\/pages"}],"about":[{"href":"https:\/\/forum-helveticum.ch\/it\/wp-json\/wp\/v2\/types\/page"}],"author":[{"embeddable":true,"href":"https:\/\/forum-helveticum.ch\/it\/wp-json\/wp\/v2\/users\/2"}],"replies":[{"embeddable":true,"href":"https:\/\/forum-helveticum.ch\/it\/wp-json\/wp\/v2\/comments?post=699"}],"version-history":[{"count":1,"href":"https:\/\/forum-helveticum.ch\/it\/wp-json\/wp\/v2\/pages\/699\/revisions"}],"predecessor-version":[{"id":16271,"href":"https:\/\/forum-helveticum.ch\/it\/wp-json\/wp\/v2\/pages\/699\/revisions\/16271"}],"up":[{"embeddable":true,"href":"https:\/\/forum-helveticum.ch\/it\/wp-json\/wp\/v2\/pages\/678"}],"wp:attachment":[{"href":"https:\/\/forum-helveticum.ch\/it\/wp-json\/wp\/v2\/media?parent=699"}],"curies":[{"name":"wp","href":"https:\/\/api.w.org\/{rel}","templated":true}]}}