{"id":695,"date":"2016-06-12T22:14:29","date_gmt":"2016-06-12T20:14:29","guid":{"rendered":"https:\/\/forum-helveticum.ch\/it\/chi-siamo\/geschaeftsstelle\/"},"modified":"2024-12-03T16:31:16","modified_gmt":"2024-12-03T15:31:16","slug":"segreteria-generale","status":"publish","type":"page","link":"https:\/\/forum-helveticum.ch\/it\/chi-siamo\/segreteria-generale\/","title":{"rendered":"Ufficio"},"content":{"rendered":"<p>L&#8217;ufficio si compone di una direttrice del Forum Helveticum e di una responsabile di progetto. Per la realizzazione di singoli progetti viene assunto personale ulteriore ad hoc. Il Forum Helveticum \u00e8 associato alla \u00abNetzwerk M\u00fcllerhaus\u00bb con sede a Lenzburg e si avvale delle sue prestazioni di segretariato professionali.<\/p>\r\n<table style=\"height: 492px; width: 64.9523%;\">\r\n<tbody>\r\n<tr style=\"height: 24px;\">\r\n<td style=\"width: 46.0997%; height: 24px;\"><b>Direzione<br \/>\r\n<\/b><\/td>\r\n<td style=\"width: 84.4768%; height: 24px;\">\u00a0<\/td>\r\n<\/tr>\r\n<tr style=\"height: 188px;\">\r\n<td style=\"width: 46.0997%; height: 115px; vertical-align: top;\">\r\n<p><img loading=\"lazy\" decoding=\"async\" class=\"alignnone size-medium wp-image-15564\" src=\"https:\/\/forum-helveticum.ch\/wp-content\/uploads\/2024\/09\/M.Girardet-467x700.jpg\" alt=\"\" width=\"467\" height=\"700\" \/><\/p>\r\n<\/td>\r\n<td style=\"width: 84.4768%; height: 115px; vertical-align: top;\"><strong>M\u00e9lanie Girardet<\/strong><br \/>\r\nForum Helveticum<br \/>\r\nBleicherain 7<br \/>\r\n5600 Lenzburg<br \/>\r\nTel. 062 888 01 25<br \/>\r\n<a href=\"mailto:girardet@forum-helveticum.ch\">Mail<\/a><\/td>\r\n<\/tr>\r\n<tr style=\"height: 24px;\">\r\n<td style=\"width: 46.0997%; height: 24px;\"><strong>Responsabile di progetto<\/strong><\/td>\r\n<td style=\"width: 84.4768%; height: 24px;\">\u00a0<\/td>\r\n<\/tr>\r\n<tr style=\"height: 188px;\">\r\n<td style=\"width: 46.0997%; height: 132px; vertical-align: top;\"><img loading=\"lazy\" decoding=\"async\" class=\"alignnone  wp-image-12354\" src=\"https:\/\/forum-helveticum.ch\/wp-content\/uploads\/2022\/02\/Photo-Marine-Borel-scaled-e1644306699862-572x700.jpg\" alt=\"\" width=\"139\" height=\"170\" \/><\/td>\r\n<td style=\"width: 84.4768%; height: 132px; vertical-align: top;\"><strong>Dr. Marine Borel<\/strong><br \/>\r\nForum Helveticum<br \/>\r\nBleicherain 7<br \/>\r\n5600 Lenzburg<br \/>\r\nTel. 062 888 01 25<br \/>\r\n<a href=\"mailto:borel@forum-helveticum.ch\">Mail<\/a><\/td>\r\n<\/tr>\r\n<tr style=\"height: 24px;\">\r\n<td style=\"width: 46.0997%; height: 24px;\"><strong>Segretaria<\/strong><\/td>\r\n<td style=\"width: 84.4768%; height: 24px;\">\u00a0<\/td>\r\n<\/tr>\r\n<tr style=\"height: 188px;\">\r\n<td style=\"width: 46.0997%; height: 173px;\">\u00a0<\/td>\r\n<td style=\"width: 84.4768%; height: 173px; vertical-align: top;\"><strong>Christine Baumann<\/strong><br \/>\r\nStv. Gesch\u00e4ftsf\u00fchrerin Netzwerk M\u00fcllerhaus<br \/>\r\nBleicherain 7<br \/>\r\n5600 Lenzburg<br \/>\r\nTel. 062 888 01 00<br \/>\r\n<a href=\"mailto:info@netzwerk-muellerhaus.ch\">info@netzwerk-muellerhaus.ch<\/a><\/td>\r\n<\/tr>\r\n<\/tbody>\r\n<\/table>\r\n<p>&nbsp;<\/p>\r\n<p>Il Forum Helveticum dispone di due verificatori dei conti. Essi controllano il bilancio annuale e ne rendono conto tramite il comitato direttivo all\u2019assemblea dei delegati.<\/p>\r\n<table style=\"height: 314px; width: 58.1084%;\">\r\n<tbody>\r\n<tr style=\"height: 24px;\">\r\n<td style=\"width: 43.3316%; height: 24px;\"><strong>Verificatori dei conti<\/strong><\/td>\r\n<td style=\"width: 55.0367%; height: 24px;\">\u00a0<\/td>\r\n<\/tr>\r\n<tr style=\"height: 188px;\">\r\n<td style=\"width: 43.3316%; height: 160px; vertical-align: top;\"><img loading=\"lazy\" decoding=\"async\" class=\"alignnone size-full wp-image-13790\" src=\"https:\/\/forum-helveticum.ch\/wp-content\/uploads\/2023\/04\/Reto-Ackermann-1.png\" alt=\"\" width=\"160\" height=\"148\" \/><\/td>\r\n<td style=\"width: 55.0367%; height: 160px; vertical-align: top;\">\r\n<p>Reto Ackermann<br \/>\r\nDipl. Wirtschaftspr\u00fcfer, zugel. Revisionsexperte<br \/>\r\nArimec Audit AG<br \/>\r\nReiherweg 2<br \/>\r\n5034 Suhr<br \/>\r\n<a href=\"mailto:info@arimec-audit.ch\">Mail<\/a><\/p>\r\n<\/td>\r\n<\/tr>\r\n<tr style=\"height: 188px;\">\r\n<td style=\"width: 43.3316%; height: 130px; vertical-align: top;\"><img loading=\"lazy\" decoding=\"async\" class=\"alignnone size-full wp-image-13784\" src=\"https:\/\/forum-helveticum.ch\/wp-content\/uploads\/2023\/04\/Marco-Zanetti-1.png\" alt=\"\" width=\"169\" height=\"157\" \/><\/td>\r\n<td style=\"width: 55.0367%; height: 130px; vertical-align: top;\">\r\n<p>Marco Zanetti<br \/>\r\nDipl. Wirtschaftspr\u00fcfer, zugelassener Revisionsexperte<br \/>\r\nArimec Audit AG<br \/>\r\nReiherweg 2<br \/>\r\n5034 Suhr<br \/>\r\n<a href=\"mailto:info@arimec-audit.ch\">Mail<\/a><\/p>\r\n<\/td>\r\n<\/tr>\r\n<\/tbody>\r\n<\/table>\r\n<p>&nbsp;<\/p>","protected":false},"excerpt":{"rendered":"<p>L&#8217;ufficio si compone di una direttrice del Forum Helveticum e di una responsabile di progetto. Per la realizzazione di singoli progetti viene assunto personale ulteriore ad hoc. Il Forum Helveticum \u00e8 associato alla \u00abNetzwerk M\u00fcllerhaus\u00bb con sede a Lenzburg e si avvale delle sue prestazioni di segretariato professionali. Direzione \u00a0 M\u00e9lanie Girardet Forum Helveticum Bleicherain&nbsp;<a class=\"more\" href=\"https:\/\/forum-helveticum.ch\/it\/chi-siamo\/segreteria-generale\/\">Leggi tutto<\/a><\/p>\n","protected":false},"author":2,"featured_media":0,"parent":678,"menu_order":3,"comment_status":"closed","ping_status":"closed","template":"","meta":{"_acf_changed":false,"footnotes":""},"class_list":["post-695","page","type-page","status-publish","hentry"],"acf":[],"_links":{"self":[{"href":"https:\/\/forum-helveticum.ch\/it\/wp-json\/wp\/v2\/pages\/695","targetHints":{"allow":["GET"]}}],"collection":[{"href":"https:\/\/forum-helveticum.ch\/it\/wp-json\/wp\/v2\/pages"}],"about":[{"href":"https:\/\/forum-helveticum.ch\/it\/wp-json\/wp\/v2\/types\/page"}],"author":[{"embeddable":true,"href":"https:\/\/forum-helveticum.ch\/it\/wp-json\/wp\/v2\/users\/2"}],"replies":[{"embeddable":true,"href":"https:\/\/forum-helveticum.ch\/it\/wp-json\/wp\/v2\/comments?post=695"}],"version-history":[{"count":0,"href":"https:\/\/forum-helveticum.ch\/it\/wp-json\/wp\/v2\/pages\/695\/revisions"}],"up":[{"embeddable":true,"href":"https:\/\/forum-helveticum.ch\/it\/wp-json\/wp\/v2\/pages\/678"}],"wp:attachment":[{"href":"https:\/\/forum-helveticum.ch\/it\/wp-json\/wp\/v2\/media?parent=695"}],"curies":[{"name":"wp","href":"https:\/\/api.w.org\/{rel}","templated":true}]}}