{"id":718,"date":"2016-06-12T22:38:07","date_gmt":"2016-06-12T20:38:07","guid":{"rendered":"https:\/\/forum-helveticum.ch\/fr\/newsletter\/"},"modified":"2023-11-20T11:32:04","modified_gmt":"2023-11-20T10:32:04","slug":"newsletter","status":"publish","type":"page","link":"https:\/\/forum-helveticum.ch\/fr\/newsletter\/","title":{"rendered":"Newsletter"},"content":{"rendered":"<p>Notre newsletter para\u00eet en moyenne quatre fois par ann\u00e9e. Votre adresse e-mail ne sera pas transmise \u00e0 des tiers ni rendue publique.<\/p><p><a href=\"https:\/\/forum-helveticum.us14.list-manage.com\/subscribe?u=a37536625cea19aed599bb32a&#038;id=73a6593523\" class=\"button hover\" target=\"_blank\" alt=\"Newsletter\" rel=\"noopener\">S&rsquo;abonner \u00e0 la newsletter<\/a><\/p>","protected":false},"excerpt":{"rendered":"<p>Notre newsletter para\u00eet en moyenne quatre fois par ann\u00e9e. Votre adresse e-mail ne sera pas transmise \u00e0 des tiers ni rendue publique.S&rsquo;abonner \u00e0 la newsletter<\/p>\n","protected":false},"author":2,"featured_media":0,"parent":0,"menu_order":5,"comment_status":"closed","ping_status":"closed","template":"","meta":{"_acf_changed":false,"footnotes":""},"class_list":["post-718","page","type-page","status-publish","hentry"],"acf":[],"_links":{"self":[{"href":"https:\/\/forum-helveticum.ch\/fr\/wp-json\/wp\/v2\/pages\/718","targetHints":{"allow":["GET"]}}],"collection":[{"href":"https:\/\/forum-helveticum.ch\/fr\/wp-json\/wp\/v2\/pages"}],"about":[{"href":"https:\/\/forum-helveticum.ch\/fr\/wp-json\/wp\/v2\/types\/page"}],"author":[{"embeddable":true,"href":"https:\/\/forum-helveticum.ch\/fr\/wp-json\/wp\/v2\/users\/2"}],"replies":[{"embeddable":true,"href":"https:\/\/forum-helveticum.ch\/fr\/wp-json\/wp\/v2\/comments?post=718"}],"version-history":[{"count":0,"href":"https:\/\/forum-helveticum.ch\/fr\/wp-json\/wp\/v2\/pages\/718\/revisions"}],"wp:attachment":[{"href":"https:\/\/forum-helveticum.ch\/fr\/wp-json\/wp\/v2\/media?parent=718"}],"curies":[{"name":"wp","href":"https:\/\/api.w.org\/{rel}","templated":true}]}}