{"id":714,"date":"2016-06-12T22:34:52","date_gmt":"2016-06-12T20:34:52","guid":{"rendered":"https:\/\/forum-helveticum.ch\/fr\/impressum\/"},"modified":"2024-02-23T17:42:15","modified_gmt":"2024-02-23T16:42:15","slug":"impressum","status":"publish","type":"page","link":"https:\/\/forum-helveticum.ch\/fr\/impressum\/","title":{"rendered":"Impressum"},"content":{"rendered":"<h2>R\u00e9alisation:<\/h2>\r\n<p>Graphisme: <a href=\"http:\/\/burodestruct.net\/\" target=\"_blank\" rel=\"noopener\">B\u00fcro Destruct<\/a> &#8211; Lopetz Gianfreda<br \/>\r\nProgrammation: <a href=\"http:\/\/www.humantools.com\/\" target=\"_blank\" rel=\"noopener\">Kaspar L\u00fcthi &#8211; Humantools Interactive<\/a><a href=\"http:\/\/www.humantools.com\/\" target=\"_blank\" rel=\"noopener\"><br \/>\r\n<\/a>Hosting: <a href=\"http:\/\/www.hausformat.com\/\" target=\"_blank\" rel=\"noopener\">.Hausformat<\/a><\/p>\r\n<h2>Informations L\u00e9gales:<\/h2>\r\n<h3>Responsabilit\u00e9<\/h3>\r\n<p><span class=\"Apple-style-span\">Le Forum Helveticum d\u00e9cline toute responsabilit\u00e9 pour les omissions, les inexactitudes et les erreurs de nature r\u00e9dactionnelle et technique. Il ne peut en particulier garantir l\u2019exhaustivit\u00e9 et l\u2019exactitude des informations mises sur le Portail par des tiers. Le Forum Helveticum se r\u00e9serve express\u00e9ment le droit de modifier en partie ou en totalit\u00e9 le contenu de ce site, de le supprimer ou d\u2019en suspendre temporairement la diffusion, et ce, \u00e0 tout moment et sans avertissement pr\u00e9alable.<br \/>\r\n<\/span><\/p>\r\n<h3>Liens<\/h3>\r\n<p><span class=\"Apple-style-span\">Les documents et sites internet de tiers que les liens indiqu\u00e9s sur le Portail permettent d\u2019atteindre ne sont pas de la responsabilit\u00e9 du Forum Helveticum. L\u2019acc\u00e8s \u00e0 ces sites et leur utilisation se font aux risques des utilisateurs. Si les renvois figurant sur le Portail aboutissent \u00e0 des sites au contenu contestable, nous vous prions de nous en informer (vers le\u00a0<a href=\"https:\/\/forum-helveticum.ch\/fr\/contact\/\">formulaire de contact<\/a>).<\/span><\/p>\r\n<h3>Droits d\u2019auteur<\/h3>\r\n<p><span class=\"Apple-style-span\">Copyright\u00a0: Forum Helveticum, 2012.<br \/>\r\nLes informations, images et articles disponibles sur le Portail du Forum Helveticum sont prot\u00e9g\u00e9s par la loi f\u00e9d\u00e9rale sur les droits d&rsquo;auteur et les droits voisins (LDA) de 1992. Leur reproduction \u00e0 des fins non commerciales est permise avec mention de la source. Leur utilisation \u00e0 des fins commerciales n&rsquo;est autoris\u00e9e qu&rsquo;en accord avec le Forum Helveticum et moyennant r\u00e9mun\u00e9ration.<\/span><\/p>\r\n<h3>Protection des donn\u00e9es<\/h3>\r\n<p>Les donn\u00e9es personnelles sont trait\u00e9es de fa\u00e7on parfaitement confidentielle et ne sont ni vendues, ni transmises \u00e0 des tiers. En nous fournissant des donn\u00e9es personnelles, vous nous permettez de les enregistrer et de les utiliser selon les prescriptions de la l\u00e9gislation suisse en mati\u00e8re de protection des donn\u00e9es. Les donn\u00e9es destin\u00e9es au public (pr\u00e9sentation d\u2019une association sous la rubrique \u00ab\u00a0Organisations\u00a0\u00bb, par exemple) sont utilis\u00e9es exclusivement dans la partie du site \u00e0 laquelle elles sont destin\u00e9es.<\/p>","protected":false},"excerpt":{"rendered":"<p>R\u00e9alisation: Graphisme: B\u00fcro Destruct &#8211; Lopetz Gianfreda Programmation: Kaspar L\u00fcthi &#8211; Humantools Interactive Hosting: .Hausformat Informations L\u00e9gales: Responsabilit\u00e9 Le Forum Helveticum d\u00e9cline toute responsabilit\u00e9 pour les omissions, les inexactitudes et les erreurs de nature r\u00e9dactionnelle et technique. Il ne peut en particulier garantir l\u2019exhaustivit\u00e9 et l\u2019exactitude des informations mises sur le Portail par des tiers.&nbsp;<a class=\"more\" href=\"https:\/\/forum-helveticum.ch\/fr\/impressum\/\">Plus<\/a><\/p>\n","protected":false},"author":2,"featured_media":0,"parent":0,"menu_order":4,"comment_status":"closed","ping_status":"closed","template":"","meta":{"_acf_changed":false,"footnotes":""},"class_list":["post-714","page","type-page","status-publish","hentry"],"acf":[],"_links":{"self":[{"href":"https:\/\/forum-helveticum.ch\/fr\/wp-json\/wp\/v2\/pages\/714","targetHints":{"allow":["GET"]}}],"collection":[{"href":"https:\/\/forum-helveticum.ch\/fr\/wp-json\/wp\/v2\/pages"}],"about":[{"href":"https:\/\/forum-helveticum.ch\/fr\/wp-json\/wp\/v2\/types\/page"}],"author":[{"embeddable":true,"href":"https:\/\/forum-helveticum.ch\/fr\/wp-json\/wp\/v2\/users\/2"}],"replies":[{"embeddable":true,"href":"https:\/\/forum-helveticum.ch\/fr\/wp-json\/wp\/v2\/comments?post=714"}],"version-history":[{"count":0,"href":"https:\/\/forum-helveticum.ch\/fr\/wp-json\/wp\/v2\/pages\/714\/revisions"}],"wp:attachment":[{"href":"https:\/\/forum-helveticum.ch\/fr\/wp-json\/wp\/v2\/media?parent=714"}],"curies":[{"name":"wp","href":"https:\/\/api.w.org\/{rel}","templated":true}]}}