{"id":702,"date":"2016-06-12T22:15:08","date_gmt":"2016-06-12T20:15:08","guid":{"rendered":"https:\/\/forum-helveticum.ch\/fr\/a-propos\/taetigkeitsberichte\/"},"modified":"2026-04-14T11:25:20","modified_gmt":"2026-04-14T09:25:20","slug":"rapports-dactivites","status":"publish","type":"page","link":"https:\/\/forum-helveticum.ch\/fr\/a-propos\/rapports-dactivites\/","title":{"rendered":"Rapports d&rsquo;activit\u00e9s"},"content":{"rendered":"<p>Les rapports annuels d&rsquo;activit\u00e9s sont disponibles en allemand et en fran\u00e7ais.<\/p>\r\n<ul>\r\n\t<li><a href=\"https:\/\/forum-helveticum.ch\/wp-content\/uploads\/2026\/04\/Forum-Helveticum-Rapport-dactivites-2025.pdf\">Rapport d&rsquo;activit\u00e9s 2025<\/a>\u00a0\/ <a href=\"https:\/\/forum-helveticum.ch\/wp-content\/uploads\/2026\/04\/Revue-de-presse-FH-2025.pdf\">Revue de presse 2025<\/a> \/ <a href=\"https:\/\/forum-helveticum.ch\/wp-content\/uploads\/2026\/03\/Revisionsstellenbericht-Forum-Helveticum-2025.pdf\">Rapport de r\u00e9vision 2025<\/a>\u00a0<\/li>\r\n\t<li><a href=\"https:\/\/forum-helveticum.ch\/wp-content\/uploads\/2025\/04\/Forum-Helveticum-Rapport-dactivites-2024.pdf\">Rapport d&rsquo;activit\u00e9s 2024<\/a>\u00a0\/\u00a0<a href=\"https:\/\/forum-helveticum.ch\/wp-content\/uploads\/2025\/03\/Revue-de-presse-FH-2024.pdf\">Revue de presse 2024<\/a> \/ <a href=\"https:\/\/forum-helveticum.ch\/wp-content\/uploads\/2025\/04\/Revisionsstellenbericht-Forum-Helveticum.pdf\" target=\"_blank\" rel=\"noopener\">Rapport de r\u00e9vision 2024<\/a><\/li>\r\n\t<li><a href=\"https:\/\/forum-helveticum.ch\/wp-content\/uploads\/2024\/04\/ForumHelveticum_Jahresbericht2023_F_web.pdf\" target=\"_blank\" rel=\"noopener\">Rapport d&rsquo;activit\u00e9s 2023<\/a> \/ <a href=\"https:\/\/forum-helveticum.ch\/wp-content\/uploads\/2024\/03\/Revue-de-presse-FH-2023.pdf\" target=\"_blank\" rel=\"noopener\">Revue de presse 2023<\/a> \/ <a href=\"https:\/\/forum-helveticum.ch\/wp-content\/uploads\/2024\/03\/23-Revisionsstellenbericht-Forum-Helveticum_signiert.pdf\" target=\"_blank\" rel=\"noopener\">Rapport de r\u00e9vision 2023<\/a><\/li>\r\n\t<li><a href=\"https:\/\/forum-helveticum.ch\/wp-content\/uploads\/2023\/04\/ForumHelveticum_Jahresbericht22_FR_web.pdf\" target=\"_blank\" rel=\"noopener\">Rapport d&rsquo;activit\u00e9s 2022<\/a> \/ <a href=\"https:\/\/forum-helveticum.ch\/wp-content\/uploads\/2023\/02\/202201-Revue-de-presse-FH-2022.pdf\" target=\"_blank\" rel=\"noopener\">Revue de presse 2022<\/a> \/ <a href=\"https:\/\/forum-helveticum.ch\/wp-content\/uploads\/2023\/02\/FH_Revisionsstellenbericht_2022_Apt_Treuhand.pdf\" target=\"_blank\" rel=\"noopener\">Rapport de r\u00e9vision 2022<\/a><\/li>\r\n\t<li><a href=\"https:\/\/forum-helveticum.ch\/wp-content\/uploads\/2022\/04\/FH_Jahresbericht-2021_F_Web.pdf\" target=\"_blank\" rel=\"noopener\">Rapport d&rsquo;activit\u00e9s 2021<\/a> \/ <a href=\"https:\/\/forum-helveticum.ch\/wp-content\/uploads\/2022\/02\/212101-Revue-de-presse-FH-2021_DEF.pdf\" target=\"_blank\" rel=\"noopener\">Revue de presse 2021<\/a> \/ <a href=\"https:\/\/forum-helveticum.ch\/wp-content\/uploads\/2022\/02\/FH_Apt_Revisionsbericht_2021.pdf\" target=\"_blank\" rel=\"noopener\">Rapport de r\u00e9vision 2021<\/a><\/li>\r\n\t<li><a href=\"https:\/\/forum-helveticum.ch\/wp-content\/uploads\/2021\/04\/FH-Rapport-dactivites-2020-DEF.pdf\" target=\"_blank\" rel=\"noopener\">Rapport d&rsquo;activit\u00e9s 2020<\/a> \/ <a href=\"https:\/\/forum-helveticum.ch\/wp-content\/uploads\/2021\/03\/210302-Revue-de-presse-FH-2020_DEF.pdf\">Revue de presse 2020<\/a> \/ <a href=\"https:\/\/forum-helveticum.ch\/wp-content\/uploads\/2021\/03\/FH_Apt_Revisionsbericht_2020.pdf\">Rapport de r\u00e9vision 2020<\/a><\/li>\r\n\t<li><a href=\"https:\/\/forum-helveticum.ch\/wp-content\/uploads\/2020\/05\/FH-Rapport-dactivit\u00e9s-2019-DEF.pdf\">Rapport d&rsquo;activit\u00e9s 2019<\/a> \/ <a href=\"https:\/\/forum-helveticum.ch\/wp-content\/uploads\/2020\/03\/200305-Revue-de-presse-FH-2019-2.pdf\">Revue de presse 2019<\/a> \/ <a href=\"https:\/\/forum-helveticum.ch\/wp-content\/uploads\/2020\/03\/20200304_FH_Apt_Revision_2019_def..pdf\">Rapport de r\u00e9vision 2019<\/a><\/li>\r\n\t<li><a href=\"https:\/\/forum-helveticum.ch\/wp-content\/uploads\/2019\/04\/FH-Rapport-dactivit\u00e9s-2018_DEF.pdf\">Rapport d&rsquo;activit\u00e9s 2018<\/a>\u00a0\/\u00a0<a href=\"https:\/\/forum-helveticum.ch\/wp-content\/uploads\/2019\/03\/190314-Revue-de-presse-FH-2018.pdf\">Revue de presse 2018<\/a> \/ <a href=\"https:\/\/forum-helveticum.ch\/wp-content\/uploads\/2019\/03\/18-Revisionsstellenbericht-Forum-Helveticum_signed.pdf\">Rapport de r\u00e9vision 2018<\/a><\/li>\r\n\t<li><a href=\"https:\/\/forum-helveticum.ch\/wp-content\/uploads\/2016\/06\/FH-Rapport-dactivit\u00e9s-2017.pdf\">Rapport d&rsquo;activit\u00e9s 2017<\/a> \/ <a href=\"https:\/\/forum-helveticum.ch\/wp-content\/uploads\/2016\/06\/180412-Revue-de-presse-FH-2017.pdf\">Revue de presse 2017<\/a> \/ <a href=\"https:\/\/forum-helveticum.ch\/wp-content\/uploads\/2016\/06\/17-RSB-Forum-Helveticum_signed.pdf\">Rapport de r\u00e9vision 2017<\/a><\/li>\r\n\t<li><a href=\"https:\/\/forum-helveticum.ch\/wp-content\/uploads\/2016\/06\/2016-FH_T\u00e4tigkeitsbericht-FR_DEF.pdf\">Rapport d&rsquo;activit\u00e9s 2016<\/a><\/li>\r\n\t<li><a href=\"https:\/\/forum-helveticum.ch\/wp-content\/uploads\/2016\/06\/FH2015_RapportActvit\u00e9_DEF_couv.pdf\">Rapport d&rsquo;activit\u00e9s 2015<\/a><\/li>\r\n\t<li><a href=\"https:\/\/forum-helveticum.ch\/wp-content\/uploads\/2016\/06\/2014-FH_T\u00e4tigkeitsbericht-FR_DEF.pdf\">Rapport d&rsquo;activit\u00e9s 2014<\/a><\/li>\r\n\t<li><a href=\"https:\/\/forum-helveticum.ch\/wp-content\/uploads\/2016\/06\/Forum-Helveticum_Rapport-dactivit\u00e9-2013.pdf\">Rapport d&rsquo;activit\u00e9s 2013<\/a><\/li>\r\n\t<li><a href=\"https:\/\/forum-helveticum.ch\/wp-content\/uploads\/2016\/06\/Bericht2012F.pdf\">Rapport d&rsquo;activit\u00e9s 2012<\/a><\/li>\r\n\t<li><a href=\"https:\/\/forum-helveticum.ch\/wp-content\/uploads\/2016\/06\/Bericht2011F.pdf\">Rapport d&rsquo;activit\u00e9s 2011<\/a><\/li>\r\n\t<li><a href=\"https:\/\/forum-helveticum.ch\/wp-content\/uploads\/2016\/06\/Bericht2010F.pdf\">Rapport d&rsquo;activit\u00e9s 2010<\/a><\/li>\r\n\t<li><a href=\"https:\/\/forum-helveticum.ch\/wp-content\/uploads\/2016\/06\/Bericht2009F.pdf\">Rapport d&rsquo;activit\u00e9s 2009<\/a><\/li>\r\n\t<li><a href=\"https:\/\/forum-helveticum.ch\/wp-content\/uploads\/2016\/06\/Bericht2008F.pdf\">Rapport d&rsquo;activit\u00e9s 2008<\/a><\/li>\r\n<\/ul>","protected":false},"excerpt":{"rendered":"<p>Les rapports annuels d&rsquo;activit\u00e9s sont disponibles en allemand et en fran\u00e7ais. Rapport d&rsquo;activit\u00e9s 2025\u00a0\/ Revue de presse 2025 \/ Rapport de r\u00e9vision 2025\u00a0 Rapport d&rsquo;activit\u00e9s 2024\u00a0\/\u00a0Revue de presse 2024 \/ Rapport de r\u00e9vision 2024 Rapport d&rsquo;activit\u00e9s 2023 \/ Revue de presse 2023 \/ Rapport de r\u00e9vision 2023 Rapport d&rsquo;activit\u00e9s 2022 \/ Revue de presse 2022&nbsp;<a class=\"more\" href=\"https:\/\/forum-helveticum.ch\/fr\/a-propos\/rapports-dactivites\/\">Plus<\/a><\/p>\n","protected":false},"author":2,"featured_media":0,"parent":677,"menu_order":5,"comment_status":"closed","ping_status":"closed","template":"","meta":{"_acf_changed":false,"footnotes":""},"class_list":["post-702","page","type-page","status-publish","hentry"],"acf":[],"_links":{"self":[{"href":"https:\/\/forum-helveticum.ch\/fr\/wp-json\/wp\/v2\/pages\/702","targetHints":{"allow":["GET"]}}],"collection":[{"href":"https:\/\/forum-helveticum.ch\/fr\/wp-json\/wp\/v2\/pages"}],"about":[{"href":"https:\/\/forum-helveticum.ch\/fr\/wp-json\/wp\/v2\/types\/page"}],"author":[{"embeddable":true,"href":"https:\/\/forum-helveticum.ch\/fr\/wp-json\/wp\/v2\/users\/2"}],"replies":[{"embeddable":true,"href":"https:\/\/forum-helveticum.ch\/fr\/wp-json\/wp\/v2\/comments?post=702"}],"version-history":[{"count":1,"href":"https:\/\/forum-helveticum.ch\/fr\/wp-json\/wp\/v2\/pages\/702\/revisions"}],"predecessor-version":[{"id":16267,"href":"https:\/\/forum-helveticum.ch\/fr\/wp-json\/wp\/v2\/pages\/702\/revisions\/16267"}],"up":[{"embeddable":true,"href":"https:\/\/forum-helveticum.ch\/fr\/wp-json\/wp\/v2\/pages\/677"}],"wp:attachment":[{"href":"https:\/\/forum-helveticum.ch\/fr\/wp-json\/wp\/v2\/media?parent=702"}],"curies":[{"name":"wp","href":"https:\/\/api.w.org\/{rel}","templated":true}]}}