{"id":694,"date":"2016-06-12T22:14:29","date_gmt":"2016-06-12T20:14:29","guid":{"rendered":"https:\/\/forum-helveticum.ch\/fr\/a-propos\/geschaeftsstelle\/"},"modified":"2024-12-03T16:30:46","modified_gmt":"2024-12-03T15:30:46","slug":"secretariat-general","status":"publish","type":"page","link":"https:\/\/forum-helveticum.ch\/fr\/a-propos\/secretariat-general\/","title":{"rendered":"Bureau"},"content":{"rendered":"<p>Le bureau se compose de la directrice du Forum Helveticum et d&rsquo;une responsable de projets. D\u2019autres collaborateurs\u2219trices sont engag\u00e9\u2219es lorsque des projets l\u2019exigent. Le Forum Helveticum est membre du Netzwerk M\u00fcllerhaus, \u00e0 Lenzbourg (AG), structure professionnelle qui assure le secr\u00e9tariat.<\/p>\r\n<table style=\"height: 573px; width: 65.225%;\">\r\n<tbody>\r\n<tr style=\"height: 24px;\">\r\n<td style=\"width: 43.157%; height: 24px;\"><strong><strong>Direction<\/strong><\/strong><\/td>\r\n<td style=\"width: 85.689%; height: 24px;\">\u00a0<\/td>\r\n<\/tr>\r\n<tr style=\"height: 192px;\">\r\n<td style=\"width: 43.157%; height: 189px; vertical-align: top;\">\r\n<p><img loading=\"lazy\" decoding=\"async\" class=\"alignnone size-medium wp-image-15563\" src=\"https:\/\/forum-helveticum.ch\/wp-content\/uploads\/2024\/09\/M.Girardet-467x700.jpg\" alt=\"\" width=\"467\" height=\"700\" \/><\/p>\r\n<\/td>\r\n<td style=\"width: 85.689%; height: 189px; vertical-align: top;\">\r\n<p><strong>M\u00e9lanie Girardet<\/strong><br \/>\r\nForum Helveticum<br \/>\r\nBleicherain 7<br \/>\r\n5600 Lenzburg<br \/>\r\nTel. 062 888 01 25<br \/>\r\n<a href=\"mailto:girardet@forum-helveticum.ch\">Mail direct<\/a><\/p>\r\n<\/td>\r\n<\/tr>\r\n<tr style=\"height: 24px;\">\r\n<td style=\"width: 43.157%; height: 10px;\"><strong>Responsable de projets<br \/>\r\n<\/strong><\/td>\r\n<td style=\"width: 85.689%; height: 10px;\">\u00a0<\/td>\r\n<\/tr>\r\n<tr style=\"height: 192px;\">\r\n<td style=\"width: 43.157%; height: 161px; vertical-align: top;\"><img loading=\"lazy\" decoding=\"async\" class=\"alignnone  wp-image-12353\" src=\"https:\/\/forum-helveticum.ch\/wp-content\/uploads\/2022\/02\/Photo-Marine-Borel-scaled-e1644306306973-589x700.jpg\" alt=\"\" width=\"148\" height=\"176\" \/><\/td>\r\n<td style=\"width: 85.689%; height: 161px; vertical-align: top;\"><strong>Dr. Marine Borel<\/strong><br \/>\r\nForum Helveticum<br \/>\r\nBleicherain 7<br \/>\r\n5600 Lenzburg<br \/>\r\nT\u00e9l. 062 888 01 25<br \/>\r\n<a href=\"mailto:borel@forum-helveticum.ch\">Mail direct<\/a><\/td>\r\n<\/tr>\r\n<tr style=\"height: 24px;\">\r\n<td style=\"width: 43.157%; height: 24px;\"><strong>Secr\u00e9tariat<\/strong><\/td>\r\n<td style=\"width: 85.689%; height: 24px;\">\u00a0<\/td>\r\n<\/tr>\r\n<tr style=\"height: 168px;\">\r\n<td style=\"width: 43.157%; height: 165px;\">\u00a0<\/td>\r\n<td style=\"width: 85.689%; height: 165px; vertical-align: top;\"><strong>Christine Baumann<\/strong><br \/>\r\nStv. Gesch\u00e4ftsf\u00fchrerin Netzwerk M\u00fcllerhaus<br \/>\r\nBleicherain 7<br \/>\r\n5600 Lenzburg<br \/>\r\nTel. 062 888 01 00<br \/>\r\n<a href=\"mailto:info@netzwerk-muellerhaus.ch\">Mail<\/a><\/td>\r\n<\/tr>\r\n<\/tbody>\r\n<\/table>\r\n<p>&nbsp;<\/p>\r\n<p>L\u2019organe de contr\u00f4le est compos\u00e9 de deux personnes. Il v\u00e9rifie les comptes et pr\u00e9sente son rapport au Comit\u00e9 directeur, \u00e0 l&rsquo;attention de l&rsquo;Assembl\u00e9e des d\u00e9l\u00e9gu\u00e9s.<\/p>\r\n<table style=\"height: 163px; width: 57.8381%;\">\r\n<tbody>\r\n<tr style=\"height: 24px;\">\r\n<td style=\"width: 38.6946%; height: 24px;\"><strong>Organe de contr\u00f4le<\/strong><\/td>\r\n<td style=\"width: 59.6737%; height: 24px;\">\u00a0<\/td>\r\n<\/tr>\r\n<tr style=\"height: 144px;\">\r\n<td style=\"width: 38.6946%; height: 115px;\"><img loading=\"lazy\" decoding=\"async\" class=\"alignnone size-full wp-image-13787\" src=\"https:\/\/forum-helveticum.ch\/wp-content\/uploads\/2023\/04\/Reto-Ackermann-1.png\" alt=\"\" width=\"160\" height=\"148\" \/><\/td>\r\n<td style=\"width: 59.6737%; height: 115px;\">\r\n<p>Reto Ackermann<br \/>\r\nDipl. Wirtschaftspr\u00fcfer, zugel. Revisionsexperte<br \/>\r\nArimec Audit AG<br \/>\r\nReiherweg 2<br \/>\r\n5034 Suhr<br \/>\r\n<a href=\"mailto:info@arimec-audit.ch\">Mail\u00a0<\/a><\/p>\r\n<\/td>\r\n<\/tr>\r\n<tr style=\"height: 24px;\">\r\n<td style=\"width: 38.6946%; height: 24px;\"><img loading=\"lazy\" decoding=\"async\" class=\"alignnone  wp-image-13781\" src=\"https:\/\/forum-helveticum.ch\/wp-content\/uploads\/2023\/04\/Marco-Zanetti-1.png\" alt=\"\" width=\"161\" height=\"150\" \/><\/td>\r\n<td style=\"width: 59.6737%; height: 24px;\">\r\n<p>Marco Zanetti<br \/>\r\nDipl. Wirtschaftspr\u00fcfer, zugelassener Revisionsexperte<br \/>\r\nArimec Audit AG<br \/>\r\nReiherweg 2<br \/>\r\n5034 Suhr<br \/>\r\n<a href=\"mailto:info@arimec-audit.ch\">Mail<\/a><\/p>\r\n<\/td>\r\n<\/tr>\r\n<\/tbody>\r\n<\/table>\r\n<p>&nbsp;<\/p>","protected":false},"excerpt":{"rendered":"<p>Le bureau se compose de la directrice du Forum Helveticum et d&rsquo;une responsable de projets. D\u2019autres collaborateurs\u2219trices sont engag\u00e9\u2219es lorsque des projets l\u2019exigent. Le Forum Helveticum est membre du Netzwerk M\u00fcllerhaus, \u00e0 Lenzbourg (AG), structure professionnelle qui assure le secr\u00e9tariat. Direction \u00a0 M\u00e9lanie Girardet Forum Helveticum Bleicherain 7 5600 Lenzburg Tel. 062 888 01 25&nbsp;<a class=\"more\" href=\"https:\/\/forum-helveticum.ch\/fr\/a-propos\/secretariat-general\/\">Plus<\/a><\/p>\n","protected":false},"author":2,"featured_media":0,"parent":677,"menu_order":3,"comment_status":"closed","ping_status":"closed","template":"","meta":{"_acf_changed":false,"footnotes":""},"class_list":["post-694","page","type-page","status-publish","hentry"],"acf":[],"_links":{"self":[{"href":"https:\/\/forum-helveticum.ch\/fr\/wp-json\/wp\/v2\/pages\/694","targetHints":{"allow":["GET"]}}],"collection":[{"href":"https:\/\/forum-helveticum.ch\/fr\/wp-json\/wp\/v2\/pages"}],"about":[{"href":"https:\/\/forum-helveticum.ch\/fr\/wp-json\/wp\/v2\/types\/page"}],"author":[{"embeddable":true,"href":"https:\/\/forum-helveticum.ch\/fr\/wp-json\/wp\/v2\/users\/2"}],"replies":[{"embeddable":true,"href":"https:\/\/forum-helveticum.ch\/fr\/wp-json\/wp\/v2\/comments?post=694"}],"version-history":[{"count":0,"href":"https:\/\/forum-helveticum.ch\/fr\/wp-json\/wp\/v2\/pages\/694\/revisions"}],"up":[{"embeddable":true,"href":"https:\/\/forum-helveticum.ch\/fr\/wp-json\/wp\/v2\/pages\/677"}],"wp:attachment":[{"href":"https:\/\/forum-helveticum.ch\/fr\/wp-json\/wp\/v2\/media?parent=694"}],"curies":[{"name":"wp","href":"https:\/\/api.w.org\/{rel}","templated":true}]}}