{"id":690,"date":"2016-06-12T22:14:07","date_gmt":"2016-06-12T20:14:07","guid":{"rendered":"https:\/\/forum-helveticum.ch\/fr\/a-propos\/leitender-ausschuss\/"},"modified":"2025-05-06T12:30:19","modified_gmt":"2025-05-06T10:30:19","slug":"comite-directeur","status":"publish","type":"page","link":"https:\/\/forum-helveticum.ch\/fr\/a-propos\/comite-directeur\/","title":{"rendered":"Comit\u00e9 directeur"},"content":{"rendered":"<p>Le comit\u00e9 directeur est l\u2019organe ex\u00e9cutif du Forum Helveticum, dont il dirige les activit\u00e9s. Une attention particuli\u00e8re est accord\u00e9e \u00e0 une repr\u00e9sentation \u00e9quitable des quatre r\u00e9gions linguistiques dans sa composition.<\/p>\r\n<table style=\"width: 58.177%; height: 1481px;\">\r\n<tbody>\r\n<tr style=\"height: 28px;\">\r\n<td style=\"width: 44.4948%; height: 28px;\"><strong>Pr\u00e9sident<\/strong><\/td>\r\n<td style=\"width: 74.2186%; height: 28px;\">\u00a0<\/td>\r\n<\/tr>\r\n<tr style=\"height: 34px;\">\r\n<td style=\"width: 44.4948%; height: 34px;\"><img decoding=\"async\" class=\"aligncenter\" src=\"https:\/\/forum-helveticum.ch\/wp-content\/uploads\/2022\/04\/Bild1.jpg\" \/><\/td>\r\n<td style=\"width: 74.2186%; height: 34px;\"><strong>Christian Levrat<\/strong><br \/>\r\nPr\u00e9sident du Conseil d&rsquo;administration <br \/>\r\nLa Poste Suisse<br \/>\r\nWankdorfallee 4<br \/>\r\n3030 Bern<br \/>\r\n<a href=\"http:\/\/www.post.ch\" target=\"_blank\" rel=\"noopener\">www.post.ch<\/a>\u00a0<\/td>\r\n<\/tr>\r\n<tr style=\"height: 24px;\">\r\n<td style=\"width: 44.4948%; height: 24px;\"><strong>Membres<\/strong><\/td>\r\n<td style=\"width: 74.2186%; height: 24px;\">\u00a0<\/td>\r\n<\/tr>\r\n<tr>\r\n<td style=\"width: 44.4948%;\"><strong><a href=\"https:\/\/forum-helveticum.ch\/wp-content\/uploads\/2021\/04\/Bulliard.jpg\"><img loading=\"lazy\" decoding=\"async\" class=\"wp-image-11228 alignnone\" src=\"https:\/\/forum-helveticum.ch\/wp-content\/uploads\/2021\/04\/Bulliard.jpg\" alt=\"\" width=\"198\" height=\"198\" \/><\/a><br \/>\r\n<\/strong><\/td>\r\n<td style=\"width: 74.2186%;\"><b><strong>Christine Bulliard-Marbach<br \/>\r\n<\/strong><\/b>Conseill\u00e8re nationale FR<br \/>\r\nPr\u00e9sidente du Groupement suisse pour les r\u00e9gions de montagne (SAB)<br \/>\r\nGrossried 17<br \/>\r\n3182 Ueberstorf<br \/>\r\n<a href=\"mailto:christine.bulliard-marbach@parl.ch\">E-mail<\/a><\/td>\r\n<\/tr>\r\n<tr style=\"height: 189px;\">\r\n<td style=\"width: 44.4948%; height: 10px;\"><img loading=\"lazy\" decoding=\"async\" class=\"alignnone size-full wp-image-15355\" src=\"https:\/\/forum-helveticum.ch\/wp-content\/uploads\/2024\/07\/Anna-Buetikofer.png\" alt=\"\" width=\"356\" height=\"371\" \/><\/td>\r\n<td style=\"width: 74.2186%; height: 10px;\">\r\n<p><b><strong>Anna B\u00fctikofer, <\/strong><\/b>Dr.<b><strong><br \/>\r\n<\/strong><\/b>Unit\u00e9 de coordination \u00ab Scolarit\u00e9 obligatoire, culture et sport \u00bb<b><strong><br \/>\r\n<\/strong><\/b>Conf\u00e9rence des directrices et directeurs cantonaux de l\u2019instruction publique (CDIP)<br \/>\r\nHaus der Kantone<br \/>\r\nSpeichergasse 6<br \/>\r\n3001 Bern<br \/>\r\n<b><\/b><a href=\"mailto: buetikofer@edk.ch\">E-Mail<\/a><\/p>\r\n<\/td>\r\n<\/tr>\r\n<tr style=\"height: 176px;\">\r\n<td style=\"width: 44.4948%; height: 82px;\"><img loading=\"lazy\" decoding=\"async\" class=\"alignnone size-full wp-image-15366\" src=\"https:\/\/forum-helveticum.ch\/wp-content\/uploads\/2024\/07\/L.-Cadalbert.png\" alt=\"\" width=\"321\" height=\"293\" \/><\/td>\r\n<td style=\"width: 74.2186%; height: 82px;\">\r\n<p><strong>Lucian Cadalbert<\/strong><br \/>\r\nChef adjoint des Affaires publiques <br \/>\r\nSRG SSR<br \/>\r\nGiacomettistrasse 1<br \/>\r\n3000 Bern 16<br \/>\r\n<a href=\"mailto: lucian.cadalbert@srgssr.ch\">E-Mail<\/a><b><\/b><\/p>\r\n<\/td>\r\n<\/tr>\r\n<tr style=\"height: 259px;\">\r\n<td style=\"width: 44.4948%; height: 71px;\"><img loading=\"lazy\" decoding=\"async\" class=\"size-full wp-image-13708 aligncenter\" src=\"https:\/\/forum-helveticum.ch\/wp-content\/uploads\/2023\/04\/Martin-Candinas.png\" alt=\"\" width=\"263\" height=\"261\" \/><\/td>\r\n<td style=\"width: 74.2186%; height: 71px;\">\r\n<p><strong><b>Martin Candinas<br \/>\r\n<\/b><\/strong>Conseiller national GR<br \/>\r\nCo-pr\u00e9sident directeur intergroupe parlementaire \u00ab\u00a0Plurilinguisme CH\u00a0\u00bb<br \/>\r\nBerninaweg 13<br \/>\r\n7000 Chur<br \/>\r\n<a href=\"mailto:martin.candinas@parl.ch\">E-mail<\/a><\/p>\r\n<\/td>\r\n<\/tr>\r\n<tr style=\"height: 234px;\">\r\n<td style=\"width: 44.4948%; height: 204px;\"><a href=\"https:\/\/forum-helveticum.ch\/wp-content\/uploads\/2020\/07\/Foto-Graf-700x626.jpg\"><img loading=\"lazy\" decoding=\"async\" class=\"size-medium wp-image-10310 aligncenter\" src=\"https:\/\/forum-helveticum.ch\/wp-content\/uploads\/2020\/07\/Foto-Graf-700x626.jpg\" alt=\"\" width=\"700\" height=\"626\" \/><\/a><\/td>\r\n<td style=\"width: 74.2186%; height: 204px;\"><b>Ren\u00e9 Graf<br \/>\r\n<\/b>Vice-recteur Enseignement HES-SO<br \/>\r\nPr\u00e9sident du conseil de fondation du Forum du Bilinguisme<br \/>\r\nHES\u2060-\u2060SO Rectorat<br \/>\r\nRoute de Moutier 14<br \/>\r\n2800 Del\u00e9mont <br \/>\r\n<a href=\"mailto:rene.graf@hes-so.ch\">E-mail<\/a><\/td>\r\n<\/tr>\r\n<tr style=\"height: 309px;\">\r\n<td style=\"width: 44.4948%; height: 230px;\"><a href=\"https:\/\/forum-helveticum.ch\/wp-content\/uploads\/2016\/06\/Grin_web-540x700.jpg\"><img loading=\"lazy\" decoding=\"async\" class=\"size-medium wp-image-7298 aligncenter\" src=\"https:\/\/forum-helveticum.ch\/wp-content\/uploads\/2016\/06\/Grin_web-540x700.jpg\" alt=\"\" width=\"540\" height=\"700\" \/><\/a><\/td>\r\n<td style=\"width: 74.2186%; height: 230px;\"><b>Fran\u00e7ois Grin<\/b>,\u00a0Prof. Dr.<b><br \/>\r\n<\/b>Directeur de l&rsquo;Observatoire \u00e9lf<br \/>\r\nFacult\u00e9 de traduction et int\u00e9rpr\u00e9tation<br \/>\r\nUniversit\u00e9 de Gen\u00e8ve<br \/>\r\n40, Bd du Pont-d\u2019Arve<br \/>\r\n1211 Gen\u00e8ve 4\u00a0<br \/>\r\n<a href=\"mailto:francois.grin@unige.ch\">E-mail\u00a0<\/a><\/td>\r\n<\/tr>\r\n<tr style=\"height: 24px;\">\r\n<td style=\"width: 44.4948%; height: 24px;\"><img loading=\"lazy\" decoding=\"async\" class=\"size-medium wp-image-13701 aligncenter\" src=\"https:\/\/forum-helveticum.ch\/wp-content\/uploads\/2023\/04\/Ursin-Lutz-700x574.png\" alt=\"\" width=\"700\" height=\"574\" \/><\/td>\r\n<td style=\"width: 74.2186%; height: 24px;\"><strong>Ursin Lutz<\/strong>, Dr.<strong><br \/>\r\n<\/strong>R\u00e9dacteur en chef et directeur <br \/>\r\nInstitut dal Dicziunari Rumantsch Grischun <br \/>\r\nRingstrasse 34<br \/>\r\n7000 Cuira<br \/>\r\nTel. 081 254 70 10<br \/>\r\n<a href=\"mailto:info@drg.ch\">E-mail<\/a><\/td>\r\n<\/tr>\r\n<tr style=\"height: 272px;\">\r\n<td style=\"width: 44.4948%; height: 272px;\"><img loading=\"lazy\" decoding=\"async\" class=\"size-full wp-image-13696 aligncenter\" src=\"https:\/\/forum-helveticum.ch\/wp-content\/uploads\/2023\/04\/Juerg-Niederhauser.png\" alt=\"\" width=\"426\" height=\"566\" \/><\/td>\r\n<td style=\"width: 74.2186%; height: 272px;\"><strong>J\u00fcrg Niederhauser, <\/strong>Dr. <strong><br \/>\r\n<\/strong>Pr\u00e9sident<br \/>\r\nSchweizerischer Verein f\u00fcr die deutsche Sprache<br \/>\r\nFischerm\u00e4ttelistrasse 13<br \/>\r\n3008 Bern<br \/>\r\n<a href=\"http:\/\/www.sprachverein.ch\/\">www.sprachverein.ch<\/a><br \/>\r\n<a href=\"mailto:juerg.niederhauser@gmx.ch\">E-mail<\/a><\/td>\r\n<\/tr>\r\n<tr style=\"height: 284px;\">\r\n<td style=\"width: 44.4948%; height: 359px;\"><a href=\"https:\/\/forum-helveticum.ch\/wp-content\/uploads\/2020\/07\/Foto-Vassera-scaled-e1594900736437.jpg\"><img loading=\"lazy\" decoding=\"async\" class=\"size-medium wp-image-10301 aligncenter\" src=\"https:\/\/forum-helveticum.ch\/wp-content\/uploads\/2020\/07\/Foto-Vassera-469x700.jpg\" alt=\"\" width=\"469\" height=\"700\" \/><\/a><\/td>\r\n<td style=\"width: 74.2186%; height: 359px;\"><strong>Stefano Vassere,<\/strong> Dr. <br \/>\r\nDirettore del Sistema bibliotecario ticinese<br \/>\r\nDocente universitario<br \/>\r\nc\/o Biblioteca cantonale di Lugano<br \/>\r\nViale Carlo Cattaneo 6<br \/>\r\n6900 Lugano<br \/>\r\n<a href=\"mailto:stefano.vassere@ti.ch\">E-mail<\/a><\/td>\r\n<\/tr>\r\n<\/tbody>\r\n<\/table>","protected":false},"excerpt":{"rendered":"<p>Le comit\u00e9 directeur est l\u2019organe ex\u00e9cutif du Forum Helveticum, dont il dirige les activit\u00e9s. Une attention particuli\u00e8re est accord\u00e9e \u00e0 une repr\u00e9sentation \u00e9quitable des quatre r\u00e9gions linguistiques dans sa composition. Pr\u00e9sident \u00a0 Christian Levrat Pr\u00e9sident du Conseil d&rsquo;administration La Poste Suisse Wankdorfallee 4 3030 Bern www.post.ch\u00a0 Membres \u00a0 Christine Bulliard-Marbach Conseill\u00e8re nationale FR Pr\u00e9sidente du&nbsp;<a class=\"more\" href=\"https:\/\/forum-helveticum.ch\/fr\/a-propos\/comite-directeur\/\">Plus<\/a><\/p>\n","protected":false},"author":2,"featured_media":0,"parent":677,"menu_order":2,"comment_status":"closed","ping_status":"closed","template":"","meta":{"_acf_changed":false,"footnotes":""},"class_list":["post-690","page","type-page","status-publish","hentry"],"acf":[],"_links":{"self":[{"href":"https:\/\/forum-helveticum.ch\/fr\/wp-json\/wp\/v2\/pages\/690","targetHints":{"allow":["GET"]}}],"collection":[{"href":"https:\/\/forum-helveticum.ch\/fr\/wp-json\/wp\/v2\/pages"}],"about":[{"href":"https:\/\/forum-helveticum.ch\/fr\/wp-json\/wp\/v2\/types\/page"}],"author":[{"embeddable":true,"href":"https:\/\/forum-helveticum.ch\/fr\/wp-json\/wp\/v2\/users\/2"}],"replies":[{"embeddable":true,"href":"https:\/\/forum-helveticum.ch\/fr\/wp-json\/wp\/v2\/comments?post=690"}],"version-history":[{"count":0,"href":"https:\/\/forum-helveticum.ch\/fr\/wp-json\/wp\/v2\/pages\/690\/revisions"}],"up":[{"embeddable":true,"href":"https:\/\/forum-helveticum.ch\/fr\/wp-json\/wp\/v2\/pages\/677"}],"wp:attachment":[{"href":"https:\/\/forum-helveticum.ch\/fr\/wp-json\/wp\/v2\/media?parent=690"}],"curies":[{"name":"wp","href":"https:\/\/api.w.org\/{rel}","templated":true}]}}