{"id":686,"date":"2016-06-12T22:12:25","date_gmt":"2016-06-12T20:12:25","guid":{"rendered":"https:\/\/forum-helveticum.ch\/fr\/a-propos\/der-verein\/"},"modified":"2024-03-07T14:44:39","modified_gmt":"2024-03-07T13:44:39","slug":"lassociation","status":"publish","type":"page","link":"https:\/\/forum-helveticum.ch\/fr\/a-propos\/lassociation\/","title":{"rendered":"L&rsquo;association"},"content":{"rendered":"<p>Fond\u00e9 en 1968, le Forum Helveticum est une association ind\u00e9pen\u00addante, \u00e0 but non lucratif et neutre sur les plans religieux et politique. Le Forum Helveticum est un lieu de rencontre et de dialogue, attentif aux questions de la vie publique.<\/p>\r\n<p>En tant que centre de comp\u00e9tences pour la compr\u00e9hension linguistique et culturelle, le Forum Helveticum \u0153uvre en faveur de la compr\u00e9hension dans la soci\u00e9t\u00e9, la politique, l\u2019\u00e9conomie et la culture. Il s\u2019engage en particulier en faveur de la compr\u00e9hension entre les communaut\u00e9s linguistiques en Suisse et de la coh\u00e9\u00adsion nationale.<br \/>\r\nIl assume dans ces domaines des t\u00e2ches d\u2019information, de conseil, de sensibilisation et de r\u00e9seautage.\u00a0Il a notamment initi\u00e9 l\u2019<a href=\"https:\/\/forum-helveticum.ch\/fr\/category\/projets\/intergroupe-parlementaire\/\">intergroupe parlementaire<\/a> \u00ab\u00a0Plurilinguisme CH\u00a0\u00bb au sein de l\u2019Assembl\u00e9e f\u00e9d\u00e9rale en 2015 et organise chaque ann\u00e9e depuis 2008 le concours d\u2019\u00e9criture plurilingue pour les jeunes <a href=\"https:\/\/forum-helveticum.ch\/fr\/category\/projets\/linguissimo-fr\/\">Linguissimo<\/a>.<\/p>\r\n<p>Le <a href=\"https:\/\/forum-helveticum.ch\/fr\/\">Portail pour la compr\u00e9hension linguistique et culturelle<\/a>\u00a0est\u00a0disponible depuis 2012 dans les quatre langues nationales et en anglais. Ses contenus\u00a0peuvent \u00eatre propos\u00e9s par le Forum Helveticum ou par des organisations partenaires. Nous vous invitons \u00e0 nous faire parvenir <a href=\"https:\/\/forum-helveticum.ch\/fr\/contact\/\">vos propositions et souhaits<\/a>.<\/p>\r\n<p>Le Forum Helveticum poursuit ses buts en collaboration avec d\u2019autres organisations et institu\u00adtions partageant des buts semblables.\u00a0Sont membres du Forum Helveticum des personnes physiques et morales. Ces derni\u00e8res peuvent \u00eatre des organisations, institutions ou associations (fa\u00eeti\u00e8res ou non) nationales, r\u00e9gionales ou cantonales. Les <a href=\"https:\/\/forum-helveticum.ch\/fr\/a-propos\/membres\/\">32 membres collectifs actuels<\/a> sont actifs dans les domaines politique, culturel, confes\u00adsionnel, \u00e9conomique, civique et d\u2019utilit\u00e9 publique. Les organes du Forum Helveticum sont l\u2019Assembl\u00e9e des d\u00e9l\u00e9gu\u00e9s, le <a href=\"https:\/\/forum-helveticum.ch\/fr\/a-propos\/comite-directeur\/\">Comit\u00e9 directeur<\/a> et les <a href=\"https:\/\/forum-helveticum.ch\/fr\/a-propos\/secretariat-general\/\">V\u00e9rificateurs des comptes<\/a>.<\/p>\r\n<p>Statuts de l&rsquo;association : <a href=\"https:\/\/forum-helveticum.ch\/wp-content\/uploads\/2016\/06\/StatutenneuFPortal.pdf\">Statuts<\/a>\u00a0(2012)<\/p>","protected":false},"excerpt":{"rendered":"<p>Fond\u00e9 en 1968, le Forum Helveticum est une association ind\u00e9pen\u00addante, \u00e0 but non lucratif et neutre sur les plans religieux et politique. Le Forum Helveticum est un lieu de rencontre et de dialogue, attentif aux questions de la vie publique. En tant que centre de comp\u00e9tences pour la compr\u00e9hension linguistique et culturelle, le Forum Helveticum&nbsp;<a class=\"more\" href=\"https:\/\/forum-helveticum.ch\/fr\/a-propos\/lassociation\/\">Plus<\/a><\/p>\n","protected":false},"author":2,"featured_media":0,"parent":677,"menu_order":1,"comment_status":"closed","ping_status":"closed","template":"","meta":{"_acf_changed":false,"footnotes":""},"class_list":["post-686","page","type-page","status-publish","hentry"],"acf":[],"_links":{"self":[{"href":"https:\/\/forum-helveticum.ch\/fr\/wp-json\/wp\/v2\/pages\/686","targetHints":{"allow":["GET"]}}],"collection":[{"href":"https:\/\/forum-helveticum.ch\/fr\/wp-json\/wp\/v2\/pages"}],"about":[{"href":"https:\/\/forum-helveticum.ch\/fr\/wp-json\/wp\/v2\/types\/page"}],"author":[{"embeddable":true,"href":"https:\/\/forum-helveticum.ch\/fr\/wp-json\/wp\/v2\/users\/2"}],"replies":[{"embeddable":true,"href":"https:\/\/forum-helveticum.ch\/fr\/wp-json\/wp\/v2\/comments?post=686"}],"version-history":[{"count":0,"href":"https:\/\/forum-helveticum.ch\/fr\/wp-json\/wp\/v2\/pages\/686\/revisions"}],"up":[{"embeddable":true,"href":"https:\/\/forum-helveticum.ch\/fr\/wp-json\/wp\/v2\/pages\/677"}],"wp:attachment":[{"href":"https:\/\/forum-helveticum.ch\/fr\/wp-json\/wp\/v2\/media?parent=686"}],"curies":[{"name":"wp","href":"https:\/\/api.w.org\/{rel}","templated":true}]}}