{"id":15037,"date":"2024-08-27T13:29:31","date_gmt":"2024-08-27T11:29:31","guid":{"rendered":"https:\/\/forum-helveticum.ch\/?page_id=15037"},"modified":"2024-08-27T15:06:07","modified_gmt":"2024-08-27T13:06:07","slug":"conference-fh-2024-les-outils-linguistiques-numeriques-dans-le-quotidien-des-entreprises-plurilingues","status":"publish","type":"page","link":"https:\/\/forum-helveticum.ch\/fr\/conference-fh-2024-les-outils-linguistiques-numeriques-dans-le-quotidien-des-entreprises-plurilingues\/","title":{"rendered":"Conf\u00e9rence FH 2024 \u2013 Les outils linguistiques num\u00e9riques dans le quotidien des entreprises plurilingues"},"content":{"rendered":"<p>Les outils linguistiques num\u00e9riques se d\u00e9veloppent \u00e0 une vitesse fulgurante, ils sont faciles \u00e0 utiliser et les employ\u00e9es et employ\u00e9s peuvent en faire usage gratuitement. Comment les entreprises font-elles pour continuer \u00e0 garantir une communication plurilingue de qualit\u00e9, sachant que ces outils sont de plus en plus fr\u00e9quemment utilis\u00e9s\u00a0? Comment les entreprises plurilingues sensibilisent-elles leurs collaborateurs et collaboratrices \u00e0 l\u2019utilisation de ces outils\u00a0?<\/p>\r\n<p>Ces questions \u2013 et d\u2019autres \u2013 touchant \u00e0 l\u2019utilisation des outils linguistiques num\u00e9riques dans des environnements de travail plurilingues seront discut\u00e9es lors d\u2019une conf\u00e9rence organis\u00e9e par le Forum Helveticum, \u00e0 laquelle sont invit\u00e9es toutes les personnes int\u00e9ress\u00e9es. La conf\u00e9rence aura lieu le <strong>14 novembre 2024, de 13h00 \u00e0 env. 17h30, \u00e0 l\u2019h\u00f4tel Kreuz de Berne<\/strong>.<\/p>\r\n<p>Le nombre de places \u00e9tant limit\u00e9, les personnes int\u00e9ress\u00e9es sont pri\u00e9es de s\u2019inscrire via le <a href=\"https:\/\/docs.google.com\/forms\/d\/e\/1FAIpQLSfScCkJ9F8pI85yZVHYzm2tLN_vuLWHEW7MtoqmX7BVcQXYOA\/viewform?vc=0&amp;c=0&amp;w=1&amp;flr=0&amp;usp=mail_form_link\" target=\"_blank\" rel=\"noopener\"><u>formulaire suivant<\/u><\/a> d\u2019ici le 1<sup>er<\/sup>\u00a0novembre 2024 au plus tard.<\/p>\r\n<hr \/>\r\n<h2>Programme<\/h2>\r\n<table style=\"width: 77.6897%;\" width=\"605\">\r\n<tbody>\r\n<tr>\r\n<td style=\"width: 14.0033%;\">\r\n<p>13h00<\/p>\r\n<\/td>\r\n<td style=\"width: 52.2077%;\" width=\"291\">\r\n<p>Accueil<\/p>\r\n<\/td>\r\n<td style=\"width: 98.9211%;\" width=\"250\">\r\n<p>&nbsp;<\/p>\r\n<\/td>\r\n<\/tr>\r\n<tr>\r\n<td style=\"width: 14.0033%;\" width=\"123\">\r\n<p>13h15<\/p>\r\n<\/td>\r\n<td style=\"width: 52.2077%;\" width=\"78\">\r\n<p>Mot de bienvenue<\/p>\r\n<\/td>\r\n<td style=\"width: 98.9211%;\" width=\"291\">\r\n<p>Corina Casanova, Pr\u00e9sidente du Forum Helveticum<\/p>\r\n<\/td>\r\n<\/tr>\r\n<tr>\r\n<td style=\"width: 14.0033%;\" width=\"123\">\r\n<p>13h25<\/p>\r\n<\/td>\r\n<td style=\"width: 52.2077%;\" width=\"482\">\r\n<p><a href=\"https:\/\/forum-helveticum.ch\/wp-content\/uploads\/2024\/08\/Praesentation-textshuttle-Tagung-FH-2024-1.pdf\" target=\"_blank\" rel=\"noopener\">Pr\u00e9sentation textshuttle<\/a><br \/>\r\n\u00abMehrsprachig auf Knopfdruck dank AI: Was bedeutet das f\u00fcr die Schweiz?\u00bb<\/p>\r\n<\/td>\r\n<td style=\"width: 98.9211%;\">\r\n<p>Mara Bertamini, Chief Language Officer, textshuttle<\/p>\r\n<\/td>\r\n<\/tr>\r\n<tr>\r\n<td style=\"width: 14.0033%;\" rowspan=\"4\">\r\n<p>14h30<\/p>\r\n<p>&nbsp;<\/p>\r\n<p>&nbsp;<\/p>\r\n<p>&nbsp;<\/p>\r\n<\/td>\r\n<td style=\"width: 52.2077%;\">\r\n<p><a href=\"https:\/\/forum-helveticum.ch\/wp-content\/uploads\/2024\/08\/Workshops-Tagung-FH-2024.pdf\" target=\"_blank\" rel=\"noopener\">Ateliers<\/a><\/p>\r\n<\/td>\r\n<td style=\"width: 98.9211%;\">\r\n<p>&nbsp;<\/p>\r\n<\/td>\r\n<\/tr>\r\n<tr>\r\n<td style=\"width: 52.2077%;\">\r\n<p>1. \u00abAcquisition d\u2019outils de technologie linguistique au sein des grandes organisations : comment bien le faire et le faire savoir \u2013 Sprachtechnologietools in grossen Organisationen: Beschaffe sorgf\u00e4ltig und sprich dar\u00fcber\u00bb<\/p>\r\n<\/td>\r\n<td style=\"width: 98.9211%;\" width=\"170\">\r\n<p>Monika R\u00f6thlisberger, Leiterin Kompetenzzentrum Sprachtechnologien der Bundeskanzlei<\/p>\r\n<\/td>\r\n<\/tr>\r\n<tr>\r\n<td style=\"width: 52.2077%;\">\r\n<p>2. \u00abMehrsprachige Kommunikation in Organisationen: Wie kann man das Potential digitaler \u00dcbersetzungstools nutzen? Was gibt es zu beachten? \u2013 Communication plurilingue institutionnelle: comment exploiter le potentiel des traducteurs automatiques? \u00c0 quoi faire attention?\u00bb<\/p>\r\n<\/td>\r\n<td style=\"width: 98.9211%;\" width=\"170\">\r\n<p>Prof. Dr. Caroline Lehr, Professorin f\u00fcr \u00dcbersetzungswissenschaft ZHAW <br \/>\r\n&amp; Dr. Sara Cotelli Kureth, directrice du Centre de langues Universit\u00e9 Neuch\u00e2tel<\/p>\r\n<\/td>\r\n<\/tr>\r\n<tr>\r\n<td style=\"width: 52.2077%;\">\r\n<p>3. \u00abSprachbarrieren abbauen, Inklusion f\u00f6rdern: Erfolgsstrategien f\u00fcr Unternehmen\u00bb<\/p>\r\n<\/td>\r\n<td style=\"width: 98.9211%;\">\r\n<p>Dalia Goldberger, Stv. Abteilungsleiterin Business Development &amp; <br \/>\r\nNico Roos, Leiter Technology, Accessibility Services, Swiss TXT<\/p>\r\n<\/td>\r\n<\/tr>\r\n<tr>\r\n<td style=\"width: 14.0033%;\" width=\"123\">\r\n<p>15h15<\/p>\r\n<\/td>\r\n<td style=\"width: 52.2077%;\" width=\"482\">\r\n<p>Pause et \u00e9changes<\/p>\r\n<\/td>\r\n<td style=\"width: 98.9211%;\">\r\n<p>&nbsp;<\/p>\r\n<\/td>\r\n<\/tr>\r\n<tr>\r\n<td style=\"width: 14.0033%;\" width=\"123\">\r\n<p>15h45<\/p>\r\n<\/td>\r\n<td style=\"width: 52.2077%;\" width=\"482\">\r\n<p>Table-ronde<\/p>\r\n<\/td>\r\n<td style=\"width: 98.9211%;\">\u00a0<\/td>\r\n<\/tr>\r\n<tr>\r\n<td style=\"width: 14.0033%;\" width=\"123\">\r\n<p>16h30<\/p>\r\n<\/td>\r\n<td style=\"width: 52.2077%;\" width=\"482\">\r\n<p>Conclusion de la manifestation<\/p>\r\n<\/td>\r\n<td style=\"width: 98.9211%;\">\r\n<p>&nbsp;<\/p>\r\n<\/td>\r\n<\/tr>\r\n<tr>\r\n<td style=\"width: 14.0033%;\" width=\"123\">\r\n<p>16h45<\/p>\r\n<\/td>\r\n<td style=\"width: 52.2077%;\" width=\"482\">\r\n<p>Ap\u00e9ritif<\/p>\r\n<\/td>\r\n<td style=\"width: 98.9211%;\">\r\n<p>&nbsp;<\/p>\r\n<\/td>\r\n<\/tr>\r\n<\/tbody>\r\n<\/table>\r\n<p>Mod\u00e9ratrice de la conf\u00e9rence: Astrid Tomczak-Plewka<\/p>\r\n<p>Les diff\u00e9rentes prises de parole seront faites dans la langue dans laquelle sont \u00e9crits leurs titres respectifs. Aucune traduction simultan\u00e9e ne sera propos\u00e9e.<\/p>\r\n<hr \/>\r\n<h2>Lieu<\/h2>\r\n<p>H\u00f4tel Kreuz, Zeughausgasse 41, 3011 Berne<\/p>\r\n<hr \/>\r\n<h2>Contact<\/h2>\r\n<p><a href=\"mailto:info@forum-helveticum.ch\">info@forum-helveticum.ch<br \/>\r\n<\/a><\/p>\r\n<p><strong>Avec le soutien de :<\/strong><\/p>\r\n<p><img loading=\"lazy\" decoding=\"async\" class=\"alignnone size-medium wp-image-15297\" src=\"https:\/\/forum-helveticum.ch\/wp-content\/uploads\/2024\/06\/Logo-BAK-petit-2.0-700x144.jpg\" alt=\"\" width=\"700\" height=\"144\" \/><\/p>","protected":false},"excerpt":{"rendered":"<p>Les outils linguistiques num\u00e9riques se d\u00e9veloppent \u00e0 une vitesse fulgurante, ils sont faciles \u00e0 utiliser et les employ\u00e9es et employ\u00e9s peuvent en faire usage gratuitement. Comment les entreprises font-elles pour continuer \u00e0 garantir une communication plurilingue de qualit\u00e9, sachant que ces outils sont de plus en plus fr\u00e9quemment utilis\u00e9s\u00a0? Comment les entreprises plurilingues sensibilisent-elles leurs&nbsp;<a class=\"more\" href=\"https:\/\/forum-helveticum.ch\/fr\/conference-fh-2024-les-outils-linguistiques-numeriques-dans-le-quotidien-des-entreprises-plurilingues\/\">Plus<\/a><\/p>\n","protected":false},"author":4,"featured_media":0,"parent":0,"menu_order":0,"comment_status":"closed","ping_status":"closed","template":"","meta":{"_acf_changed":false,"footnotes":""},"class_list":["post-15037","page","type-page","status-publish","hentry"],"acf":[],"_links":{"self":[{"href":"https:\/\/forum-helveticum.ch\/fr\/wp-json\/wp\/v2\/pages\/15037","targetHints":{"allow":["GET"]}}],"collection":[{"href":"https:\/\/forum-helveticum.ch\/fr\/wp-json\/wp\/v2\/pages"}],"about":[{"href":"https:\/\/forum-helveticum.ch\/fr\/wp-json\/wp\/v2\/types\/page"}],"author":[{"embeddable":true,"href":"https:\/\/forum-helveticum.ch\/fr\/wp-json\/wp\/v2\/users\/4"}],"replies":[{"embeddable":true,"href":"https:\/\/forum-helveticum.ch\/fr\/wp-json\/wp\/v2\/comments?post=15037"}],"version-history":[{"count":0,"href":"https:\/\/forum-helveticum.ch\/fr\/wp-json\/wp\/v2\/pages\/15037\/revisions"}],"wp:attachment":[{"href":"https:\/\/forum-helveticum.ch\/fr\/wp-json\/wp\/v2\/media?parent=15037"}],"curies":[{"name":"wp","href":"https:\/\/api.w.org\/{rel}","templated":true}]}}