{"id":713,"date":"2016-06-12T22:34:52","date_gmt":"2016-06-12T20:34:52","guid":{"rendered":"https:\/\/forum-helveticum.ch\/en\/impressum\/"},"modified":"2024-02-23T17:42:07","modified_gmt":"2024-02-23T16:42:07","slug":"impressum","status":"publish","type":"page","link":"https:\/\/forum-helveticum.ch\/en\/impressum\/","title":{"rendered":"Impressum"},"content":{"rendered":"<h2>Realisierung:<\/h2>\r\n<p>Grafik:\u00a0<a href=\"http:\/\/burodestruct.net\/\" target=\"_blank\" rel=\"noopener\">B\u00fcro Destruct<\/a> &#8211; Lopetz Gianfreda<br \/>\r\nProgrammierung: <a href=\"http:\/\/www.humantools.com\/\" target=\"_blank\" rel=\"noopener\">Kaspar L\u00fcthi &#8211; Humantools Interactive<\/a><br \/>\r\nHosting: <a href=\"http:\/\/www.hausformat.com\/\" target=\"_blank\" rel=\"noopener\">.Hausformat<\/a><\/p>\r\n<h2>Disclaimer:\u00a0<\/h2>\r\n<h3>Haftung<\/h3>\r\n<p><span class=\"Apple-style-span\">F\u00fcr Vollst\u00e4ndigkeit, Fehler redaktioneller und technischer Art, Auslassungen usw. sowie die Richtigkeit der Portalinhalte \u00fcbernimmt das Forum Helveticum keine Haftung. Insbesondere kann keine Gew\u00e4hr f\u00fcr die Vollst\u00e4ndigkeit und Richtigkeit von Inhalten \u00fcbernommen werden, die \u00fcber Dritte auf das Portal gelangen. Das Forum Helveticum beh\u00e4lt sich ausdr\u00fccklich vor, jederzeit Inhalte ohne Ank\u00fcndigung ganz oder teilweise zu \u00e4ndern, zu l\u00f6schen oder zeitweise nicht zu ver\u00f6ffentlichen.<br \/>\r\n<\/span><\/p>\r\n<h3>Links<\/h3>\r\n<p><span class=\"Apple-style-span\">Webseites und Dokumente Dritter, die \u00fcber Links auf dem Portal erreicht werden, liegen ausserhalb des Verantwortungsbereichs des Forum Helveticum. Der Zugriff und die Nutzung dieser Webseiten erfolgen auf eigene Gefahr des Nutzers oder der Nutzerin. Falls das Portal auf Seiten verweist, deren Inhalt Anlass zur Beanstandung gibt, bitten wir um eine Mitteilung (zum\u00a0<a href=\"https:\/\/forum-helveticum.ch\/de\/kontakt\/\">Kontaktformular<\/a>).<br \/>\r\n<\/span><\/p>\r\n<h3>Copyright<\/h3>\r\n<p><span class=\"Apple-style-span\">Copyright, Forum Helveticum, 2012.<br \/>\r\nDie auf dem Portal des Forum Helveticum vorhandenen Informationen, Bilder und Artikel sind durch das Bundesgesetz zu Autoren- und verwandten Rechten (LDA) von 1992 gesch\u00fctzt. Ihre Nutzung ist f\u00fcr nicht kommerzielle Zwecke mit Quellenhinweis gestattet. F\u00fcr kommerzielle Zwecke ist ein Entgelt mit dem Forum Helveticum zu vereinbaren.<br \/>\r\n<\/span><\/p>\r\n<h3>Datenschutz<\/h3>\r\n<p><span class=\"Apple-style-span\">Pers\u00f6nliche Daten werden streng vertraulich behandelt und weder an Dritte verkauft noch weitergegeben. Wenn Sie Daten \u00fcber sich selbst eingeben, gestatten Sie uns damit die Speicherung und Nutzung im Sinne der schweizerischen Datenschutzgesetzgebung. Angaben, die f\u00fcr die \u00d6ffentlichkeit bestimmt sind (z.B. Vorstellung einer Organisation unter \u00abOrganisationen\u00bb) werden jeweils im entsprechenden Portalbereich benutzt.<br \/>\r\n<\/span><\/p>","protected":false},"excerpt":{"rendered":"<p>Realisierung: Grafik:\u00a0B\u00fcro Destruct &#8211; Lopetz Gianfreda Programmierung: Kaspar L\u00fcthi &#8211; Humantools Interactive Hosting: .Hausformat Disclaimer:\u00a0 Haftung F\u00fcr Vollst\u00e4ndigkeit, Fehler redaktioneller und technischer Art, Auslassungen usw. sowie die Richtigkeit der Portalinhalte \u00fcbernimmt das Forum Helveticum keine Haftung. Insbesondere kann keine Gew\u00e4hr f\u00fcr die Vollst\u00e4ndigkeit und Richtigkeit von Inhalten \u00fcbernommen werden, die \u00fcber Dritte auf das Portal&nbsp;<a class=\"more\" href=\"https:\/\/forum-helveticum.ch\/en\/impressum\/\">Read more<\/a><\/p>\n","protected":false},"author":2,"featured_media":0,"parent":0,"menu_order":4,"comment_status":"closed","ping_status":"closed","template":"","meta":{"_acf_changed":false,"footnotes":""},"class_list":["post-713","page","type-page","status-publish","hentry"],"acf":[],"_links":{"self":[{"href":"https:\/\/forum-helveticum.ch\/en\/wp-json\/wp\/v2\/pages\/713","targetHints":{"allow":["GET"]}}],"collection":[{"href":"https:\/\/forum-helveticum.ch\/en\/wp-json\/wp\/v2\/pages"}],"about":[{"href":"https:\/\/forum-helveticum.ch\/en\/wp-json\/wp\/v2\/types\/page"}],"author":[{"embeddable":true,"href":"https:\/\/forum-helveticum.ch\/en\/wp-json\/wp\/v2\/users\/2"}],"replies":[{"embeddable":true,"href":"https:\/\/forum-helveticum.ch\/en\/wp-json\/wp\/v2\/comments?post=713"}],"version-history":[{"count":0,"href":"https:\/\/forum-helveticum.ch\/en\/wp-json\/wp\/v2\/pages\/713\/revisions"}],"wp:attachment":[{"href":"https:\/\/forum-helveticum.ch\/en\/wp-json\/wp\/v2\/media?parent=713"}],"curies":[{"name":"wp","href":"https:\/\/api.w.org\/{rel}","templated":true}]}}