{"id":693,"date":"2016-06-12T22:14:29","date_gmt":"2016-06-12T20:14:29","guid":{"rendered":"https:\/\/forum-helveticum.ch\/en\/about-us\/geschaeftsstelle\/"},"modified":"2024-12-03T16:32:01","modified_gmt":"2024-12-03T15:32:01","slug":"general-secretariat","status":"publish","type":"page","link":"https:\/\/forum-helveticum.ch\/en\/about-us\/general-secretariat\/","title":{"rendered":"General office"},"content":{"rendered":"<p>The general office is composed of the manager of the Forum Helveticum and a project manager. Extra collaborators are hired depending on projects. The Forum Helveticum is a member of the Netzwerk M\u00fcllerhaus in Lenzburg, which is in charge of the secretariat.<\/p>\r\n<table style=\"height: 581px; width: 71.034%;\">\r\n<tbody>\r\n<tr style=\"height: 24px;\">\r\n<td style=\"width: 43.1885%; height: 24px;\"><strong>Management<br \/>\r\n<\/strong><\/td>\r\n<td style=\"width: 79.8731%; height: 24px;\">\u00a0<\/td>\r\n<\/tr>\r\n<tr style=\"height: 179px;\">\r\n<td style=\"width: 43.1885%; height: 179px; vertical-align: top;\">\r\n<p><img loading=\"lazy\" decoding=\"async\" class=\"alignnone size-medium wp-image-15562\" src=\"https:\/\/forum-helveticum.ch\/wp-content\/uploads\/2024\/09\/M.Girardet-467x700.jpg\" alt=\"\" width=\"467\" height=\"700\" \/><\/p>\r\n<\/td>\r\n<td style=\"width: 79.8731%; height: 179px; vertical-align: top;\"><strong>M\u00e9lanie Girardet<\/strong><br \/>\r\nForum Helveticum<br \/>\r\nBleicherain 7<br \/>\r\n5600 Lenzburg<br \/>\r\nTel. 062 888 01 25<br \/>\r\n<a href=\"mailto:girardet@forum-helveticum.ch\">Mail direct<\/a><\/td>\r\n<\/tr>\r\n<tr style=\"height: 24px;\">\r\n<td style=\"width: 43.1885%; height: 24px;\"><strong>Project manager<\/strong><\/td>\r\n<td style=\"width: 79.8731%; height: 24px;\">\u00a0<\/td>\r\n<\/tr>\r\n<tr style=\"height: 160px;\">\r\n<td style=\"width: 43.1885%; height: 160px; vertical-align: top;\"><img loading=\"lazy\" decoding=\"async\" class=\"alignnone  wp-image-12352\" src=\"https:\/\/forum-helveticum.ch\/wp-content\/uploads\/2022\/02\/Photo-Marine-Borel-scaled-e1644306442134-578x700.jpg\" alt=\"\" width=\"137\" height=\"166\" \/><\/td>\r\n<td style=\"width: 79.8731%; height: 160px; vertical-align: top;\"><strong>Dr. Marine Borel<\/strong><br \/>\r\nForum Helveticum<br \/>\r\nBleicherain 7<br \/>\r\n5600 Lenzburg<br \/>\r\nTel. 062 888 01 25<br \/>\r\n<a href=\"mailto:borel@forum-helveticum.ch\">Mail direct<\/a><\/td>\r\n<\/tr>\r\n<tr style=\"height: 24px;\">\r\n<td style=\"width: 43.1885%; height: 24px;\"><strong>Secretariat<\/strong><\/td>\r\n<td style=\"width: 79.8731%; height: 24px;\">\u00a0<\/td>\r\n<\/tr>\r\n<tr style=\"height: 170px;\">\r\n<td style=\"width: 43.1885%; height: 170px;\">\u00a0<\/td>\r\n<td style=\"width: 79.8731%; height: 170px; vertical-align: top;\"><strong>Christine Baumann<\/strong><br \/>\r\nStv. Gesch\u00e4ftsf\u00fchrerin Netzwerk M\u00fcllerhaus<br \/>\r\nBleicherain 7<br \/>\r\n5600 Lenzburg<br \/>\r\nTel. 062 888 01 00<br \/>\r\n<a href=\"mailto:info@netzwerk-muellerhaus.ch\">Mail<\/a><\/td>\r\n<\/tr>\r\n<\/tbody>\r\n<\/table>\r\n<p>&nbsp;<\/p>\r\n<p>The statutory auditors are composed of two people. They control the annual accounts and present\u00a0their report to the steering committe at the attention of the assembly of delegates.<\/p>\r\n<table style=\"height: 346px; width: 57.4659%;\">\r\n<tbody>\r\n<tr style=\"height: 24px;\">\r\n<td style=\"width: 39.3942%; height: 24px;\"><strong>Statutory auditors<\/strong><\/td>\r\n<td style=\"width: 58.9431%; height: 24px;\">\u00a0<\/td>\r\n<\/tr>\r\n<tr style=\"height: 168px;\">\r\n<td style=\"width: 39.3942%; vertical-align: top; height: 168px;\"><img loading=\"lazy\" decoding=\"async\" class=\"alignnone size-full wp-image-13788\" src=\"https:\/\/forum-helveticum.ch\/wp-content\/uploads\/2023\/04\/Reto-Ackermann-1.png\" alt=\"\" width=\"160\" height=\"148\" \/><\/td>\r\n<td style=\"width: 58.9431%; height: 168px;\">\r\n<p>Reto Ackermann<br \/>\r\nDipl. Wirtschaftspr\u00fcfer, zugel. Revisionsexperte<br \/>\r\nArimec Audit AG<br \/>\r\nReiherweg 2<br \/>\r\n5034 Suhr<br \/>\r\n<a href=\"mailto:info@arimec-audit.ch\">Mail<\/a><\/p>\r\n<\/td>\r\n<\/tr>\r\n<tr style=\"height: 154px;\">\r\n<td style=\"width: 39.3942%; vertical-align: top; height: 154px;\"><img loading=\"lazy\" decoding=\"async\" class=\"alignnone size-full wp-image-13782\" src=\"https:\/\/forum-helveticum.ch\/wp-content\/uploads\/2023\/04\/Marco-Zanetti-1.png\" alt=\"\" width=\"169\" height=\"157\" \/><\/td>\r\n<td style=\"width: 58.9431%; vertical-align: top; height: 154px;\">\r\n<p>Marco Zanetti<br \/>\r\nDipl. Wirtschaftspr\u00fcfer, zugelassener Revisionsexperte<br \/>\r\nArimec Audit AG<br \/>\r\nReiherweg 2<br \/>\r\n5034 Suhr<br \/>\r\n<a href=\"mailto:info@arimec-audit.ch\">Mail<\/a><\/p>\r\n<\/td>\r\n<\/tr>\r\n<\/tbody>\r\n<\/table>","protected":false},"excerpt":{"rendered":"<p>The general office is composed of the manager of the Forum Helveticum and a project manager. Extra collaborators are hired depending on projects. The Forum Helveticum is a member of the Netzwerk M\u00fcllerhaus in Lenzburg, which is in charge of the secretariat. Management \u00a0 M\u00e9lanie Girardet Forum Helveticum Bleicherain 7 5600 Lenzburg Tel. 062 888&nbsp;<a class=\"more\" href=\"https:\/\/forum-helveticum.ch\/en\/about-us\/general-secretariat\/\">Read more<\/a><\/p>\n","protected":false},"author":2,"featured_media":0,"parent":676,"menu_order":3,"comment_status":"closed","ping_status":"closed","template":"","meta":{"_acf_changed":false,"footnotes":""},"class_list":["post-693","page","type-page","status-publish","hentry"],"acf":[],"_links":{"self":[{"href":"https:\/\/forum-helveticum.ch\/en\/wp-json\/wp\/v2\/pages\/693","targetHints":{"allow":["GET"]}}],"collection":[{"href":"https:\/\/forum-helveticum.ch\/en\/wp-json\/wp\/v2\/pages"}],"about":[{"href":"https:\/\/forum-helveticum.ch\/en\/wp-json\/wp\/v2\/types\/page"}],"author":[{"embeddable":true,"href":"https:\/\/forum-helveticum.ch\/en\/wp-json\/wp\/v2\/users\/2"}],"replies":[{"embeddable":true,"href":"https:\/\/forum-helveticum.ch\/en\/wp-json\/wp\/v2\/comments?post=693"}],"version-history":[{"count":0,"href":"https:\/\/forum-helveticum.ch\/en\/wp-json\/wp\/v2\/pages\/693\/revisions"}],"up":[{"embeddable":true,"href":"https:\/\/forum-helveticum.ch\/en\/wp-json\/wp\/v2\/pages\/676"}],"wp:attachment":[{"href":"https:\/\/forum-helveticum.ch\/en\/wp-json\/wp\/v2\/media?parent=693"}],"curies":[{"name":"wp","href":"https:\/\/api.w.org\/{rel}","templated":true}]}}