{"id":27,"date":"2016-06-12T22:12:25","date_gmt":"2016-06-12T20:12:25","guid":{"rendered":"https:\/\/forum-helveticum.ch\/de\/?page_id=27"},"modified":"2024-03-07T14:41:24","modified_gmt":"2024-03-07T13:41:24","slug":"der-verein","status":"publish","type":"page","link":"https:\/\/forum-helveticum.ch\/de\/ueber-uns\/der-verein\/","title":{"rendered":"Der Verein"},"content":{"rendered":"<p>Das Forum Helveticum wurde 1968 als unabh\u00e4ngiger, in religi\u00f6ser und parteipolitischer Hinsicht neutraler Verein gegr\u00fcndet. Das Forum Helveticum versteht sich als Ort der Begegnung und des Dialogs \u00fcber Fragen des \u00f6ffentlichen Lebens.<\/p>\r\n<p>Als Kompetenzzentrum f\u00fcr sprachkulturelle Verst\u00e4ndigung f\u00f6rdert das Forum Helveticum die Verst\u00e4ndigung in Gesellschaft, Politik, Wirtschaft und Kultur. Es setzt sich insbesondere f\u00fcr die Verst\u00e4ndigung zwischen den Sprachgemeinschaften in der Schweiz und die nationale Koh\u00e4sion ein.\u00a0Es \u00fcbernimmt in diesem Bereich Aufgaben der Information, Beratung, Sensibilisierung und des Networkings. Es hat unter anderem 2015 die neue <a href=\"https:\/\/forum-helveticum.ch\/de\/category\/projekte\/parlamentarische-gruppe\/\">parlamentarische Gruppe &#8222;Mehrsprachigkeit CH&#8220;<\/a> im Schweizer Parlament angeregt und organisiert seit 2008 j\u00e4hrlich den mehrsprachigen Schreibwettbewerb f\u00fcr Jugendliche \u00ab<a href=\"https:\/\/forum-helveticum.ch\/de\/category\/projekte\/linguissimo\/\">Linguissimo\u00bb<\/a>.<\/p>\r\n<p>Das mehrsprachige \u00ab<a href=\"https:\/\/forum-helveticum.ch\/de\/\">Portal f\u00fcr sprachkulturelle Verst\u00e4ndigung<\/a>\u00bb steht seit 2012 in den vier Landressprachen und Englisch zur Verf\u00fcgung. Die Aktivit\u00e4ten k\u00f6nnen vom Forum Helveticum selbst oder von Partnerorganisationen ausgehen. <a href=\"https:\/\/forum-helveticum.ch\/de\/kontakt\/\">Vorschl\u00e4ge und W\u00fcnsche<\/a> nehmen wir gerne entgegen.<\/p>\r\n<p>Der Verein verfolgt seinen Zweck in Zusammenarbeit mit anderen Organisationen und Institutionen mit \u00e4hnlicher Zielsetzung. Mitglieder des Forum Helveticum sind nat\u00fcrliche und juristische Personen. Letztere k\u00f6nnen nationale, regionale oder kantonale Organisationen, Institutionen und (Dach)Verb\u00e4nde sein. Die aktuellen <a href=\"https:\/\/forum-helveticum.ch\/de\/ueber-uns\/mitglieder\/\">32 Kollektivmitglieder<\/a> sind politisch, kulturell, konfessionell, wirtschaftlich, gemeinn\u00fctzig sowie staatsb\u00fcrgerlich t\u00e4tig. Die Organe des FH sind die Delegiertenversammlung, der <a href=\"https:\/\/forum-helveticum.ch\/de\/ueber-uns\/leitender-ausschuss\/\">Leitende Ausschuss <\/a>und die <a href=\"https:\/\/forum-helveticum.ch\/de\/ueber-uns\/geschaeftsstelle\/\">Revisionsstelle<\/a>.<\/p>\r\n<p>Statuten des Vereins: <a href=\"https:\/\/forum-helveticum.ch\/wp-content\/uploads\/2016\/06\/StatutenneuDPortal.pdf\">Statuten<\/a> (2012)<\/p>","protected":false},"excerpt":{"rendered":"<p>Das Forum Helveticum wurde 1968 als unabh\u00e4ngiger, in religi\u00f6ser und parteipolitischer Hinsicht neutraler Verein gegr\u00fcndet. Das Forum Helveticum versteht sich als Ort der Begegnung und des Dialogs \u00fcber Fragen des \u00f6ffentlichen Lebens. Als Kompetenzzentrum f\u00fcr sprachkulturelle Verst\u00e4ndigung f\u00f6rdert das Forum Helveticum die Verst\u00e4ndigung in Gesellschaft, Politik, Wirtschaft und Kultur. Es setzt sich insbesondere f\u00fcr die&nbsp;<a class=\"more\" href=\"https:\/\/forum-helveticum.ch\/de\/ueber-uns\/der-verein\/\">Mehr<\/a><\/p>\n","protected":false},"author":2,"featured_media":0,"parent":21,"menu_order":1,"comment_status":"closed","ping_status":"closed","template":"","meta":{"_acf_changed":false,"footnotes":""},"class_list":["post-27","page","type-page","status-publish","hentry"],"acf":[],"_links":{"self":[{"href":"https:\/\/forum-helveticum.ch\/de\/wp-json\/wp\/v2\/pages\/27","targetHints":{"allow":["GET"]}}],"collection":[{"href":"https:\/\/forum-helveticum.ch\/de\/wp-json\/wp\/v2\/pages"}],"about":[{"href":"https:\/\/forum-helveticum.ch\/de\/wp-json\/wp\/v2\/types\/page"}],"author":[{"embeddable":true,"href":"https:\/\/forum-helveticum.ch\/de\/wp-json\/wp\/v2\/users\/2"}],"replies":[{"embeddable":true,"href":"https:\/\/forum-helveticum.ch\/de\/wp-json\/wp\/v2\/comments?post=27"}],"version-history":[{"count":0,"href":"https:\/\/forum-helveticum.ch\/de\/wp-json\/wp\/v2\/pages\/27\/revisions"}],"up":[{"embeddable":true,"href":"https:\/\/forum-helveticum.ch\/de\/wp-json\/wp\/v2\/pages\/21"}],"wp:attachment":[{"href":"https:\/\/forum-helveticum.ch\/de\/wp-json\/wp\/v2\/media?parent=27"}],"curies":[{"name":"wp","href":"https:\/\/api.w.org\/{rel}","templated":true}]}}